{"id":3,"date":"2023-01-31T09:00:11","date_gmt":"2023-01-31T08:00:11","guid":{"rendered":"http:\/\/2023.aveto.ch\/?page_id=3"},"modified":"2025-03-11T21:22:25","modified_gmt":"2025-03-11T20:22:25","slug":"datenschutz","status":"publish","type":"page","link":"https:\/\/aveto.ch\/fr\/datenschutz\/","title":{"rendered":"Protection des donn\u00e9es"},"content":{"rendered":"<div class=\"wp-block-columns is-layout-flex wp-container-core-columns-is-layout-c4d15c72 wp-block-columns-is-layout-flex\">\n<div class=\"wp-block-column is-layout-flow wp-block-column-is-layout-flow\" style=\"flex-basis:66.66%\">\n<p class=\"wp-block-paragraph\">Cette <a href=\"https:\/\/p12medical.ch\/wp-content\/uploads\/2025\/02\/P12_Medical_Datenschutzerklarung_2025_de.pdf\" target=\"_blank\" rel=\"noreferrer noopener\"><strong>d\u00e9claration de protection des donn\u00e9es.<\/strong><\/a> s'applique \u00e0 P12 Medical GmbH, Turicumstrasse 23, CH-8610 Uster, Suisse. Nous nous engageons \u00e0 prot\u00e9ger la confidentialit\u00e9 et le secret des informations qui nous sont confi\u00e9es.\u00a0<\/p>\n\n\n\n<p class=\"wp-block-paragraph\">Nous respectons les dispositions l\u00e9gales en vigueur en mati\u00e8re de protection des donn\u00e9es, notamment la loi f\u00e9d\u00e9rale suisse sur la protection des donn\u00e9es (LPD) et le r\u00e8glement g\u00e9n\u00e9ral de l'UE sur la protection des donn\u00e9es (RGPD).<\/p>\n\n\n\n<p class=\"wp-block-paragraph\"><\/p>\n\n\n\n<p class=\"wp-block-paragraph\"><\/p>\n<\/div>\n<\/div>","protected":false},"excerpt":{"rendered":"<p>Diese Datenschutzerkl\u00e4rung gilt f\u00fcr die P12 Medical GmbH, Turicumstrasse 23, CH-8610 Uster, Schweiz. Wir sind zum Schutz der Vertraulichkeit und der Geheimhaltung der uns anvertrauten Informationen verpflichtet.\u00a0 Wir halten die geltenden datenschutzrechtlichen Bestimmungen, insbesondere das Schweizer Bundesgesetz \u00fcber den Datenschutz (DSG) und der EU Datenschutz-Grundverordnung (DSGVO) ein.<\/p>","protected":false},"author":2,"featured_media":0,"parent":0,"menu_order":0,"comment_status":"closed","ping_status":"closed","template":"","meta":{"_seopress_robots_primary_cat":"","_seopress_titles_title":"","_seopress_titles_desc":"Die folgenden Hinweise geben einen einfachen \u00dcberblick dar\u00fcber, was mit Ihren personenbezogenen Daten passiert, wenn Sie diese Website besuchen.","_seopress_robots_index":"","_crdt_document":"","_uag_custom_page_level_css":"","footnotes":""},"class_list":["post-3","page","type-page","status-publish","hentry"],"uagb_featured_image_src":{"full":false,"thumbnail":false,"medium":false,"medium_large":false,"large":false,"1536x1536":false,"2048x2048":false,"trp-custom-language-flag":false,"mailpoet_newsletter_max":false},"uagb_author_info":{"display_name":"Andrea Ziegler","author_link":"https:\/\/aveto.ch\/fr\/author\/andrea\/"},"uagb_comment_info":0,"uagb_excerpt":"Diese Datenschutzerkl\u00e4rung gilt f\u00fcr die P12 Medical GmbH, Turicumstrasse 23, CH-8610 Uster, Schweiz. Wir sind zum Schutz der Vertraulichkeit und der Geheimhaltung der uns anvertrauten Informationen verpflichtet.\u00a0 Wir halten die geltenden datenschutzrechtlichen Bestimmungen, insbesondere das Schweizer Bundesgesetz \u00fcber den Datenschutz (DSG) und der EU Datenschutz-Grundverordnung (DSGVO) ein.","_links":{"self":[{"href":"https:\/\/aveto.ch\/fr\/wp-json\/wp\/v2\/pages\/3","targetHints":{"allow":["GET"]}}],"collection":[{"href":"https:\/\/aveto.ch\/fr\/wp-json\/wp\/v2\/pages"}],"about":[{"href":"https:\/\/aveto.ch\/fr\/wp-json\/wp\/v2\/types\/page"}],"author":[{"embeddable":true,"href":"https:\/\/aveto.ch\/fr\/wp-json\/wp\/v2\/users\/2"}],"replies":[{"embeddable":true,"href":"https:\/\/aveto.ch\/fr\/wp-json\/wp\/v2\/comments?post=3"}],"version-history":[{"count":30,"href":"https:\/\/aveto.ch\/fr\/wp-json\/wp\/v2\/pages\/3\/revisions"}],"predecessor-version":[{"id":5019,"href":"https:\/\/aveto.ch\/fr\/wp-json\/wp\/v2\/pages\/3\/revisions\/5019"}],"wp:attachment":[{"href":"https:\/\/aveto.ch\/fr\/wp-json\/wp\/v2\/media?parent=3"}],"curies":[{"name":"wp","href":"https:\/\/api.w.org\/{rel}","templated":true}]}}