{"id":2750,"date":"2024-02-15T16:13:38","date_gmt":"2024-02-15T15:13:38","guid":{"rendered":"https:\/\/aveto.ch\/?page_id=2750"},"modified":"2024-02-15T16:26:24","modified_gmt":"2024-02-15T15:26:24","slug":"anmeldung-webinar-2","status":"publish","type":"page","link":"https:\/\/aveto.ch\/fr\/anmeldung-webinar-2\/","title":{"rendered":"Inscription au webinaire en direct"},"content":{"rendered":"\n<div class=\"wp-block-group is-layout-flow wp-block-group-is-layout-flow\">\n<h2 class=\"wp-block-heading\"><strong>Live Webinar mit <strong>Dr. med.vet. Katja Ruesss-Melzer<\/strong><\/strong><\/h2>\n\n\n\n<h2 class=\"wp-block-heading\">am 06.03.2024 um 18 Uhr<\/h2>\n\n\n\n<p class=\"wp-block-paragraph\"><em>\u201cDie rechtzeitige Untersuchung einer Umfangsvermehrung der Haut kann entscheidend zum Erfolg der Behandlung bei Krebs beitragen. Zur Untersuchung gibt es unterschiedliche Vorgehensweisen, von denen sich einige in meiner langj\u00e4hrigen Praxis besser bew\u00e4hrt haben als andere.\u201d<\/em>\u00a0<\/p>\n\n\n\n<p class=\"wp-block-paragraph\">In diesem kostenlosen Webinar wird <strong>Dr. Katja Ruess<\/strong> Ihre Erfahrungen mit Ihnen teilen.<\/p>\n\n\n\n<div class=\"wp-block-columns is-layout-flex wp-container-core-columns-is-layout-7387b849 wp-block-columns-is-layout-flex\">\n<div class=\"wp-block-column is-layout-flow wp-block-column-is-layout-flow\" style=\"flex-basis:33.33%\">\n<figure class=\"wp-block-image size-full\"><img loading=\"lazy\" decoding=\"async\" width=\"250\" height=\"250\" src=\"https:\/\/aveto.ch\/wp-content\/uploads\/katja-ruess-a4206bbe-3339577927.jpg\" alt=\"katja ruess a4206bbe 3339577927\" class=\"wp-image-2733\" srcset=\"https:\/\/aveto.ch\/wp-content\/uploads\/katja-ruess-a4206bbe-3339577927.jpg 250w, https:\/\/aveto.ch\/wp-content\/uploads\/katja-ruess-a4206bbe-3339577927-150x150.jpg 150w, https:\/\/aveto.ch\/wp-content\/uploads\/katja-ruess-a4206bbe-3339577927-12x12.jpg 12w\" sizes=\"auto, (max-width: 250px) 100vw, 250px\" \/><\/figure>\n<\/div>\n\n\n\n<div class=\"wp-block-column is-layout-flow wp-block-column-is-layout-flow\" style=\"flex-basis:66.66%\">\n<p class=\"wp-block-paragraph\"><a href=\"https:\/\/www.marigin.ch\/katja-ruess.html\" target=\"_blank\" rel=\"noreferrer noopener\">Dr. med. vet. Katja Ruess, Dipl. ACVIM<\/a> mit Fachgebiet Onkologie und innerer Medizin hat seit 2017 den Bereich Onkologie bei <strong><a href=\"https:\/\/www.marigin.ch\" target=\"_blank\" rel=\"noreferrer noopener\">Marigin<\/a><\/strong>, Zentrum f\u00fcr Tiermedizin, aufgebaut. Zuvor leitete sie w\u00e4hrend 9 Jahren die Medizinische Onkologie im AOI Center, H\u00fcnenberg \/ Zug. Dr. Katja Ruess hat \u00fcber 20 Jahre Erfahrung in der Untersuchung und Beurteilung von Tumoren und nimmt seit August 2023 an den Studien zur Weiterentwicklung von HT Vista teil.<\/p>\n<\/div>\n<\/div>\n\n\n\n<p class=\"wp-block-paragraph\"><a href=\"https:\/\/www.marigin.ch\/katja-ruess.html\" target=\"_blank\" rel=\"noreferrer noopener\">Dr. med. vet. Katja Ruess, Dipl. ACVIM<\/a> mit Fachgebiet Onkologie und innerer Medizin hat seit 2017 den Bereich Onkologie bei <strong><a href=\"https:\/\/www.marigin.ch\" target=\"_blank\" rel=\"noreferrer noopener\">Marigin<\/a><\/strong>, Zentrum f\u00fcr Tiermedizin, aufgebaut. Zuvor leitete sie w\u00e4hrend 9 Jahren die Medizinische Onkologie im AOI Center, H\u00fcnenberg \/ Zug. Dr. Katja Ruess hat \u00fcber 20 Jahre Erfahrung in der Untersuchung und Beurteilung von Tumoren und nimmt seit August 2023 an den Studien zur Weiterentwicklung von HT Vista teil.<\/p>\n\n\n\n<p class=\"wp-block-paragraph\"><strong>AGENDA<\/strong><\/p>\n\n\n\n<ul class=\"wp-block-list\">\n<li><strong>Einleitung:<\/strong> Warum untersuche ich <strong>jede <\/strong>Umfangsvermehrung der Haut?<\/li>\n\n\n\n<li>Sollte man sich auf Untersuchungsmethoden wie abtasten oder ansehen verlassen?<\/li>\n\n\n\n<li>Wie k\u00f6nnen Alter, Rasse und Geschlecht bei einer Beurteilung ber\u00fccksichtigt werden?<\/li>\n\n\n\n<li>Gibt es Hauttumore, die mutieren k\u00f6nnen?<\/li>\n\n\n\n<li>Was ist Screening und welche Vor- und Nachteile hat es im Vergleich zu herk\u00f6mmlichen Methoden wie der FNA, der Biopsie oder dem sofortigen Entfernen des Hauttumores?<\/li>\n\n\n\n<li>Welche Erfahrung habe ich mit dem Screening von HT Vista in meiner Studienteilnahme gemacht?<\/li>\n\n\n\n<li>Wie gehe ich mit den Ergebnissen des Screenings vom HT Vista um?<\/li>\n\n\n\n<li>F\u00fcr wen und wann ist es sinnvoll ein Screening Tool, wie HT Vista, einzusetzen?<\/li>\n\n\n\n<li>Gibt es neue Daten aus den Studien zu HT Vista und was zeigen diese?<\/li>\n\n\n\n<li>Fragen und Antworten (sofern noch nicht im Chat beantwortet)<\/li>\n<\/ul>\n\n\n\n<p class=\"wp-block-paragraph\">Haben Sie jetzt schon spannende Fragen zum Themengebiet?<\/p>\n\n\n\n<p class=\"wp-block-paragraph\">Gerne k\u00f6nnen Sie uns Fragen zum Webinar vorab bei Ihrer Anmeldung senden !<\/p>\n\n\n\n<p class=\"wp-block-paragraph\"><strong>Anmeldung und Ablauf<\/strong><\/p>\n\n\n\n<p class=\"wp-block-paragraph\">Da das Webinar eine Liveveranstaltung ist, die aufgezeichnet wird, haben Sie im Webinar die M\u00f6glichkeit Fragen zu stellen, die wir im Laufe der Veranstaltung direkt beantworten. Das Webinar wird aufgezeichnet.<\/p>\n\n\n\n<ul class=\"wp-block-list\">\n<li>Unter Anmeldung zum Webinar k\u00f6nnen Sie sich registrieren und erhalten im Anschluss den Link zum Event.<\/li>\n\n\n\n<li>Falls Sie an diesem Termin verhindert sind, k\u00f6nnen Sie sich trotzdem registrieren und wir senden Ihnen im Nachgang einen Link zur Aufzeichnung.<\/li>\n<\/ul>\n\n\n\n<div class=\"wp-block-group has-background is-layout-constrained wp-container-core-group-is-layout-34ea949f wp-block-group-is-layout-constrained\" style=\"border-radius:10px;background:linear-gradient(90deg,rgb(232,238,227) 0%,rgb(255,255,255) 99%);padding-top:20px;padding-right:40px;padding-bottom:20px;padding-left:40px\"><div class=\"wpforms-container wpforms-container-full wpforms-block wpforms-block-3d1b57fa-803a-407f-963b-2ddb74d3e273\" id=\"wpforms-2761\"><form id=\"wpforms-form-2761\" class=\"wpforms-validate wpforms-form wpforms-ajax-form\" data-formid=\"2761\" method=\"post\" enctype=\"multipart\/form-data\" action=\"\/fr\/wp-json\/wp\/v2\/pages\/2750\" data-token=\"5fe9a5411fd6113ce64c69c3e0ffe253\" data-token-time=\"1776765714\"><div class=\"wpforms-head-container\"><div class=\"wpforms-title\">Anmeldung zum Live Webinar am 6. M\u00e4rz 2024<\/div><\/div><noscript class=\"wpforms-error-noscript\">Veuillez activer JavaScript dans votre navigateur pour remplir ce formulaire.<\/noscript><div class=\"wpforms-field-container\"><div id=\"wpforms-2761-field_3-container\" class=\"wpforms-field wpforms-field-name\" data-field-id=\"3\"><label class=\"wpforms-field-label\">Name <span class=\"wpforms-required-label\">*<\/span><\/label><div class=\"wpforms-field-row wpforms-field-large\"><div class=\"wpforms-field-row-block wpforms-first wpforms-one-half\"><input type=\"text\" id=\"wpforms-2761-field_3\" class=\"wpforms-field-name-first wpforms-field-required\" name=\"wpforms[fields][3][first]\" required><label for=\"wpforms-2761-field_3\" class=\"wpforms-field-sublabel after\">Pr\u00e9nom<\/label><\/div><div class=\"wpforms-field-row-block wpforms-one-half\"><input type=\"text\" id=\"wpforms-2761-field_3-last\" class=\"wpforms-field-name-last wpforms-field-required\" name=\"wpforms[fields][3][last]\" required><label for=\"wpforms-2761-field_3-last\" class=\"wpforms-field-sublabel after\">Nom<\/label><\/div><\/div><\/div><div id=\"wpforms-2761-field_1-container\" class=\"wpforms-field wpforms-field-text\" data-field-id=\"1\"><label class=\"wpforms-field-label\" for=\"wpforms-2761-field_1\">Klinik \/ Praxis <span class=\"wpforms-required-label\">*<\/span><\/label><input type=\"text\" id=\"wpforms-2761-field_1\" class=\"wpforms-field-large wpforms-field-required\" name=\"wpforms[fields][1]\" required><\/div><div id=\"wpforms-2761-field_2-container\" class=\"wpforms-field wpforms-field-text wpforms-one-half wpforms-first\" data-field-id=\"2\"><label class=\"wpforms-field-label\" for=\"wpforms-2761-field_2\">Webseite (URL)<\/label><input type=\"text\" id=\"wpforms-2761-field_2\" class=\"wpforms-field-large\" name=\"wpforms[fields][2]\" ><\/div><div id=\"wpforms-2761-field_17-container\" class=\"wpforms-field wpforms-field-text wpforms-one-half\" data-field-id=\"17\"><label class=\"wpforms-field-label\" for=\"wpforms-2761-field_17\">Telefon f\u00fcr R\u00fcckfragen<\/label><input type=\"text\" id=\"wpforms-2761-field_17\" class=\"wpforms-field-large\" name=\"wpforms[fields][17]\" ><\/div><div id=\"wpforms-2761-field_4-container\" class=\"wpforms-field wpforms-field-email\" data-field-id=\"4\"><label class=\"wpforms-field-label\">E-Mail <span class=\"wpforms-required-label\">*<\/span><\/label><div class=\"wpforms-field-row wpforms-field-large\"><div class=\"wpforms-field-row-block wpforms-one-half wpforms-first\"><input type=\"email\" id=\"wpforms-2761-field_4\" class=\"wpforms-field-required wpforms-field-email-primary\" name=\"wpforms[fields][4][primary]\" spellcheck=\"false\" required><label for=\"wpforms-2761-field_4\" class=\"wpforms-field-sublabel after\">E-mail<\/label><\/div><div class=\"wpforms-field-row-block wpforms-one-half\"><input type=\"email\" id=\"wpforms-2761-field_4-secondary\" class=\"wpforms-field-email-secondary wpforms-field-required\" data-rule-confirm=\"#wpforms-2761-field_4\" name=\"wpforms[fields][4][secondary]\" spellcheck=\"false\" required><label for=\"wpforms-2761-field_4-secondary\" class=\"wpforms-field-sublabel after\">Confirmez l\u2019e-mail<\/label><\/div><\/div><\/div><div id=\"wpforms-2761-field_23-container\" class=\"wpforms-field wpforms-field-textarea\" data-field-id=\"23\"><label class=\"wpforms-field-label\" for=\"wpforms-2761-field_23\">Fragen zum Webinar<\/label><textarea id=\"wpforms-2761-field_23\" class=\"wpforms-field-medium wpforms-limit-characters-enabled\" data-form-id=\"2761\" data-field-id=\"23\" data-text-limit=\"2000\" name=\"wpforms[fields][23]\" maxlength=\"2000\" ><\/textarea><\/div><div id=\"wpforms-2761-field_15-container\" class=\"wpforms-field wpforms-field-checkbox\" data-field-id=\"15\"><label class=\"wpforms-field-label\">Newsletter<\/label><ul id=\"wpforms-2761-field_15\"><li class=\"choice-1 depth-1\"><input type=\"checkbox\" id=\"wpforms-2761-field_15_1\" name=\"wpforms[fields][15][]\" value=\"Ja, ich m\u00f6chte den Newsletter abonnieren\"  ><label class=\"wpforms-field-label-inline\" for=\"wpforms-2761-field_15_1\">Ja, ich m\u00f6chte den Newsletter abonnieren<\/label><\/li><\/ul><\/div><div id=\"wpforms-2761-field_16-container\" class=\"wpforms-field wpforms-field-checkbox\" data-field-id=\"16\"><label class=\"wpforms-field-label\">Einwilligung <span class=\"wpforms-required-label\">*<\/span><\/label><ul id=\"wpforms-2761-field_16\" class=\"wpforms-field-required\"><li class=\"choice-1 depth-1\"><input type=\"checkbox\" id=\"wpforms-2761-field_16_1\" name=\"wpforms[fields][16][]\" value=\"Ja, ich habe die Datenschutzerkl\u00e4rung zur Kenntnis genommen. Ich stimme zu, dass meine Angaben zur Beantwortung meiner Anmeldung elektronisch erhoben und gespeichert werden. Sie k\u00f6nnen Ihre Einwilligung jederzeit per E-Mail an info@aveto.ch widerrufen.\" required ><label class=\"wpforms-field-label-inline\" for=\"wpforms-2761-field_16_1\">Ja, ich habe die Datenschutzerkl\u00e4rung zur Kenntnis genommen. Ich stimme zu, dass meine Angaben zur Beantwortung meiner Anmeldung elektronisch erhoben und gespeichert werden. Sie k\u00f6nnen Ihre Einwilligung jederzeit per E-Mail an info@aveto.ch widerrufen.<\/label><\/li><\/ul><\/div><div id=\"wpforms-2761-field_21-container\" class=\"wpforms-field wpforms-field-layout\" data-field-id=\"21\"><div class=\"wpforms-field-layout-columns wpforms-field-layout-preset-50-50\"><div class=\"wpforms-layout-column wpforms-layout-column-50\" ><\/div><div class=\"wpforms-layout-column wpforms-layout-column-50\" ><\/div><\/div><\/div><\/div><!-- .wpforms-field-container --><div class=\"wpforms-submit-container\" ><input type=\"hidden\" name=\"wpforms[id]\" value=\"2761\"><input type=\"hidden\" name=\"page_title\" value=\"\"><input type=\"hidden\" name=\"page_url\" value=\"https:\/\/aveto.ch\/fr\/wp-json\/wp\/v2\/pages\/2750\"><input type=\"hidden\" name=\"url_referer\" value=\"\"><button type=\"submit\" name=\"wpforms[submit]\" id=\"wpforms-submit-2761\" class=\"wpforms-submit\" data-alt-text=\"Senden\u2026\" data-submit-text=\"Anmelden\" aria-live=\"assertive\" value=\"wpforms-submit\">Anmelden<\/button><img loading=\"lazy\" decoding=\"async\" src=\"https:\/\/aveto.ch\/wp-content\/plugins\/wpforms\/assets\/images\/submit-spin.svg\" class=\"wpforms-submit-spinner\" style=\"display: none;\" width=\"26\" height=\"26\" alt=\"Chargement en cours\"><\/div><\/form><\/div>  <!-- .wpforms-container --><\/div>\n<\/div>\n","protected":false},"excerpt":{"rendered":"<p>Live Webinar mit Dr. med.vet. Katja Ruesss-Melzer am 06.03.2024 um 18 Uhr \u201cDie rechtzeitige Untersuchung einer Umfangsvermehrung der Haut kann entscheidend zum Erfolg der Behandlung bei Krebs beitragen. Zur Untersuchung gibt es unterschiedliche Vorgehensweisen, von denen sich einige in meiner langj\u00e4hrigen Praxis besser bew\u00e4hrt haben als andere.\u201d\u00a0 In diesem kostenlosen Webinar wird Dr. Katja Ruess [&hellip;]<\/p>\n","protected":false},"author":2,"featured_media":0,"parent":0,"menu_order":0,"comment_status":"closed","ping_status":"closed","template":"","meta":{"_seopress_robots_primary_cat":"","_seopress_titles_title":"","_seopress_titles_desc":"","_seopress_robots_index":"","_crdt_document":"","_uag_custom_page_level_css":"","footnotes":""},"class_list":["post-2750","page","type-page","status-publish","hentry"],"uagb_featured_image_src":{"full":false,"thumbnail":false,"medium":false,"medium_large":false,"large":false,"1536x1536":false,"2048x2048":false,"trp-custom-language-flag":false,"mailpoet_newsletter_max":false},"uagb_author_info":{"display_name":"Andrea Ziegler","author_link":"https:\/\/aveto.ch\/fr\/author\/andrea\/"},"uagb_comment_info":0,"uagb_excerpt":"Live Webinar mit Dr. med.vet. Katja Ruesss-Melzer am 06.03.2024 um 18 Uhr \u201cDie rechtzeitige Untersuchung einer Umfangsvermehrung der Haut kann entscheidend zum Erfolg der Behandlung bei Krebs beitragen. Zur Untersuchung gibt es unterschiedliche Vorgehensweisen, von denen sich einige in meiner langj\u00e4hrigen Praxis besser bew\u00e4hrt haben als andere.\u201d\u00a0 In diesem kostenlosen Webinar wird Dr. Katja Ruess\u2026","_links":{"self":[{"href":"https:\/\/aveto.ch\/fr\/wp-json\/wp\/v2\/pages\/2750","targetHints":{"allow":["GET"]}}],"collection":[{"href":"https:\/\/aveto.ch\/fr\/wp-json\/wp\/v2\/pages"}],"about":[{"href":"https:\/\/aveto.ch\/fr\/wp-json\/wp\/v2\/types\/page"}],"author":[{"embeddable":true,"href":"https:\/\/aveto.ch\/fr\/wp-json\/wp\/v2\/users\/2"}],"replies":[{"embeddable":true,"href":"https:\/\/aveto.ch\/fr\/wp-json\/wp\/v2\/comments?post=2750"}],"version-history":[{"count":10,"href":"https:\/\/aveto.ch\/fr\/wp-json\/wp\/v2\/pages\/2750\/revisions"}],"predecessor-version":[{"id":2802,"href":"https:\/\/aveto.ch\/fr\/wp-json\/wp\/v2\/pages\/2750\/revisions\/2802"}],"wp:attachment":[{"href":"https:\/\/aveto.ch\/fr\/wp-json\/wp\/v2\/media?parent=2750"}],"curies":[{"name":"wp","href":"https:\/\/api.w.org\/{rel}","templated":true}]}}