{"id":5993,"date":"2026-03-08T19:00:41","date_gmt":"2026-03-08T18:00:41","guid":{"rendered":"https:\/\/aveto.ch\/?page_id=5993"},"modified":"2026-03-09T13:02:05","modified_gmt":"2026-03-09T12:02:05","slug":"anmeldung-webinar-akupunktur","status":"publish","type":"page","link":"https:\/\/aveto.ch\/en\/anmeldung-webinar-akupunktur\/","title":{"rendered":"Registration for Live Webinar"},"content":{"rendered":"\n<div class=\"wp-block-group is-layout-flow wp-block-group-is-layout-flow\">\n<h2 class=\"wp-block-heading\"><strong>Live Webinar mit <strong><strong>Dr. Nell J. Ostermeier, DVM, CVA, FAAVA<\/strong><\/strong><\/strong><\/h2>\n\n\n\n<h2 class=\"wp-block-heading\">am 14.04.2026 um 19 Uhr<\/h2>\n\n\n\n<p class=\"wp-block-paragraph\"><em>&#8222;Die Kombination klassischer Akupunktur mit Photobiomodulation (Lasertherapie) er\u00f6ffnet neue M\u00f6glichkeiten, neurophysiologische und zellul\u00e4re Prozesse gezielt zu modulieren und therapeutische Effekte zu verst\u00e4rken.&#8220;<\/em><\/p>\n\n\n\n<p class=\"wp-block-paragraph\">Dieses Webinar beleuchtet die wissenschaftlichen Grundlagen beider Verfahren und zeigt, wie ihre synergistische Anwendung praxisnah umgesetzt werden kann um die klinischen Ergebnissen zu verbessern.<\/p>\n\n\n\n<p class=\"wp-block-paragraph\">In diesem kostenlosen Webinar wird <strong>Dr. Nell J. Ostermeier<\/strong> Ihre Erfahrungen mit Ihnen teilen.<\/p>\n\n\n\n<div class=\"wp-block-columns is-layout-flex wp-container-core-columns-is-layout-7387b849 wp-block-columns-is-layout-flex\">\n<div class=\"wp-block-column is-layout-flow wp-block-column-is-layout-flow\" style=\"flex-basis:33.33%\">\n<figure class=\"wp-block-image size-full is-style-rounded\"><img loading=\"lazy\" decoding=\"async\" width=\"1024\" height=\"1189\" src=\"https:\/\/aveto.ch\/wp-content\/uploads\/nell-ostermeier-_web.jpg\" alt=\"Dr. Nell Ostermeier\" class=\"wp-image-5961\" srcset=\"https:\/\/aveto.ch\/wp-content\/uploads\/nell-ostermeier-_web.jpg 1024w, https:\/\/aveto.ch\/wp-content\/uploads\/nell-ostermeier-_web-258x300.jpg 258w, https:\/\/aveto.ch\/wp-content\/uploads\/nell-ostermeier-_web-882x1024.jpg 882w, https:\/\/aveto.ch\/wp-content\/uploads\/nell-ostermeier-_web-768x892.jpg 768w, https:\/\/aveto.ch\/wp-content\/uploads\/nell-ostermeier-_web-10x12.jpg 10w\" sizes=\"auto, (max-width: 1024px) 100vw, 1024px\" \/><\/figure>\n<\/div>\n\n\n\n<div class=\"wp-block-column is-layout-flow wp-block-column-is-layout-flow\" style=\"flex-basis:66.66%\">\n<p class=\"wp-block-paragraph\"><strong>Dr. Nell Ostermeier<\/strong>&nbsp;lebt und praktiziert in Portland, Oregon, USA. Sie erlangte Ihren Doktortitel f\u00fcr Veterin\u00e4rmedizin 2004 an der University of Illinois. Im Jahr 2011 erhielt sie die Zertifizierung f\u00fcr Veterin\u00e4rakupunktur durch die International Veterinary Acupuncture Society (IVAS). \u00dcber mehr als ein Jahrzehnt hinweg war sie Inhaberin und Leiterin einer erfolgreichen integrativen Tierklinik, bevor sie ihre T\u00e4tigkeit auf eine mobile Praxis f\u00fcr ganzheitliche Tiermedizin verlagerte.<\/p>\n<\/div>\n<\/div>\n\n\n\n<p class=\"wp-block-paragraph\">In diesem kostenlosen Webinar zeigt Dr. Ostermeier auf, wie sich diese beiden Therapieformen effektiv kombinieren lassen, um klinische Ergebnisse zu optimieren und Behandlungsstrategien im Praxisalltag zu erweitern. Anhand praktischer Beispiele und klinischer \u00dcberlegungen erfahren Sie, wie Akupunktur und Lasertherapie nicht als konkurrierende, sondern als sich erg\u00e4nzende Methoden eingesetzt werden k\u00f6nnen.<\/p>\n\n\n\n<p class=\"wp-block-paragraph\">Ziel ist es, Ihnen praxisnahe Impulse zu vermitteln, die sich unmittelbar in den veterin\u00e4rmedizinischen Alltag integrieren lassen \u2013 fundiert, effizient und patientenorientiert.<\/p>\n\n\n\n<p class=\"wp-block-paragraph\"><strong>Schwerpunkte des Webinars:<\/strong><\/p>\n\n\n\n<ul class=\"wp-block-list\">\n<li><\/li>\n<\/ul>\n\n\n\n<ul class=\"wp-block-list\">\n<li>Was sind die vier wichtigsten Gr\u00fcnde f\u00fcr die Unterst\u00fctzung der Akupunktur durch Lasertherapie?\n<ul class=\"wp-block-list\">\n<li>Sensible Patienten<\/li>\n\n\n\n<li>Empfindliche Bereiche oder Akupunkturpunkte<\/li>\n\n\n\n<li>Laserprogramme, die meine Therapie unterst\u00fctzen, wie z. B. das Entspannungs. und Schmerzprotokoll der super gepulsten Laser von Multi Radiance<\/li>\n\n\n\n<li>@Home-Anwendung der Lasertherapie durch den Besitzer f\u00fcr eine<\/li>\n\n\n\n<li>h\u00f6here Compliance durch regelm\u00e4ssige Anwendung der Lasertherapie und schnellere Heilung<\/li>\n\n\n\n<li>bessere Unterst\u00fctzung f\u00fcr geriatrische Patienten und chronische Erkrankungen<\/li>\n<\/ul>\n<\/li>\n\n\n\n<li>Wie unterscheidet sich die kombinierte Therapie von der klassischen Akupunktur?\n<ul class=\"wp-block-list\">\n<li>Wissenschaftliche Erl\u00e4uterung der Funktionsweise von Lasertherapie und -akupunktur<\/li>\n\n\n\n<li>Vorstellung von Fallbeispielen, die ein besseres Behandlungsergebnis aufzeigen<\/li>\n<\/ul>\n<\/li>\n\n\n\n<li>Q &amp; A\n<ul class=\"wp-block-list\">\n<li>Im Anschluss an den Vortrag haben Sie die M\u00f6glichkeit Fragen an Dr. Nell Ostermeier zu stellen.<\/li>\n<\/ul>\n<\/li>\n<\/ul>\n\n\n\n<p class=\"wp-block-paragraph\">Haben Sie jetzt schon spannende Fragen zum Themengebiet?<\/p>\n\n\n\n<p class=\"wp-block-paragraph\">Gerne k\u00f6nnen Sie uns Fragen zum Webinar vorab bei Ihrer Anmeldung senden !<\/p>\n\n\n\n<p class=\"wp-block-paragraph\"><strong>Anmeldung und Ablauf<\/strong><\/p>\n\n\n\n<p class=\"wp-block-paragraph\">Da das Webinar eine Liveveranstaltung ist, die aufgezeichnet wird, haben Sie im Webinar die M\u00f6glichkeit Fragen zu stellen, die wir im Laufe der Veranstaltung direkt beantworten. Das Webinar wird aufgezeichnet.<\/p>\n\n\n\n<ul class=\"wp-block-list\">\n<li>Unter Anmeldung zum Webinar k\u00f6nnen Sie sich registrieren und erhalten im Anschluss den Link zum Event.<\/li>\n\n\n\n<li>Falls Sie an diesem Termin verhindert sind, k\u00f6nnen Sie sich trotzdem registrieren und wir senden Ihnen im Nachgang einen Link zur Aufzeichnung.<\/li>\n<\/ul>\n\n\n\n<div class=\"wp-block-group has-background is-layout-constrained wp-container-core-group-is-layout-34ea949f wp-block-group-is-layout-constrained\" style=\"border-radius:10px;background:linear-gradient(90deg,rgb(232,238,227) 0%,rgb(255,255,255) 99%);padding-top:20px;padding-right:40px;padding-bottom:20px;padding-left:40px\"><div class=\"wpforms-container wpforms-container-full wpforms-block wpforms-block-3d1b57fa-803a-407f-963b-2ddb74d3e273\" id=\"wpforms-5985\"><form id=\"wpforms-form-5985\" class=\"wpforms-validate wpforms-form wpforms-ajax-form\" data-formid=\"5985\" method=\"post\" enctype=\"multipart\/form-data\" action=\"\/en\/wp-json\/wp\/v2\/pages\/5993\" data-token=\"e31fad5c8f17ca8f5ed5102c112a093c\" data-token-time=\"1776534688\"><div class=\"wpforms-head-container\"><div class=\"wpforms-title\">Anmeldung zum Live Webinar Akupunktur mit Lasertherapie mit Nell Ostermeir<\/div><\/div><noscript class=\"wpforms-error-noscript\">Please enable JavaScript in your browser to complete this form.<\/noscript><div class=\"wpforms-field-container\"><div id=\"wpforms-5985-field_3-container\" class=\"wpforms-field wpforms-field-name\" data-field-id=\"3\"><label class=\"wpforms-field-label\">Name <span class=\"wpforms-required-label\">*<\/span><\/label><div class=\"wpforms-field-row wpforms-field-large\"><div class=\"wpforms-field-row-block wpforms-first wpforms-one-half\"><input type=\"text\" id=\"wpforms-5985-field_3\" class=\"wpforms-field-name-first wpforms-field-required\" name=\"wpforms[fields][3][first]\" required><label for=\"wpforms-5985-field_3\" class=\"wpforms-field-sublabel after\">First<\/label><\/div><div class=\"wpforms-field-row-block wpforms-one-half\"><input type=\"text\" id=\"wpforms-5985-field_3-last\" class=\"wpforms-field-name-last wpforms-field-required\" name=\"wpforms[fields][3][last]\" required><label for=\"wpforms-5985-field_3-last\" class=\"wpforms-field-sublabel after\">Last<\/label><\/div><\/div><\/div><div id=\"wpforms-5985-field_1-container\" class=\"wpforms-field wpforms-field-text\" data-field-id=\"1\"><label class=\"wpforms-field-label\" for=\"wpforms-5985-field_1\">Klinik \/ Praxis <span class=\"wpforms-required-label\">*<\/span><\/label><input type=\"text\" id=\"wpforms-5985-field_1\" class=\"wpforms-field-large wpforms-field-required\" name=\"wpforms[fields][1]\" required><\/div><div id=\"wpforms-5985-field_2-container\" class=\"wpforms-field wpforms-field-text wpforms-one-half wpforms-first\" data-field-id=\"2\"><label class=\"wpforms-field-label\" for=\"wpforms-5985-field_2\">Webseite (URL)<\/label><input type=\"text\" id=\"wpforms-5985-field_2\" class=\"wpforms-field-large\" name=\"wpforms[fields][2]\" ><\/div><div id=\"wpforms-5985-field_17-container\" class=\"wpforms-field wpforms-field-text wpforms-one-half\" data-field-id=\"17\"><label class=\"wpforms-field-label\" for=\"wpforms-5985-field_17\">Telefon f\u00fcr R\u00fcckfragen<\/label><input type=\"text\" id=\"wpforms-5985-field_17\" class=\"wpforms-field-large\" name=\"wpforms[fields][17]\" ><\/div><div id=\"wpforms-5985-field_4-container\" class=\"wpforms-field wpforms-field-email\" data-field-id=\"4\"><label class=\"wpforms-field-label\">E-Mail <span class=\"wpforms-required-label\">*<\/span><\/label><div class=\"wpforms-field-row wpforms-field-large\"><div class=\"wpforms-field-row-block wpforms-one-half wpforms-first\"><input type=\"email\" id=\"wpforms-5985-field_4\" class=\"wpforms-field-required wpforms-field-email-primary\" name=\"wpforms[fields][4][primary]\" spellcheck=\"false\" required><label for=\"wpforms-5985-field_4\" class=\"wpforms-field-sublabel after\">Email<\/label><\/div><div class=\"wpforms-field-row-block wpforms-one-half\"><input type=\"email\" id=\"wpforms-5985-field_4-secondary\" class=\"wpforms-field-email-secondary wpforms-field-required\" data-rule-confirm=\"#wpforms-5985-field_4\" name=\"wpforms[fields][4][secondary]\" spellcheck=\"false\" required><label for=\"wpforms-5985-field_4-secondary\" class=\"wpforms-field-sublabel after\">Confirm Email<\/label><\/div><\/div><\/div><div id=\"wpforms-5985-field_15-container\" class=\"wpforms-field wpforms-field-checkbox\" data-field-id=\"15\"><label class=\"wpforms-field-label\">Newsletter<\/label><ul id=\"wpforms-5985-field_15\"><li class=\"choice-1 depth-1\"><input type=\"checkbox\" id=\"wpforms-5985-field_15_1\" name=\"wpforms[fields][15][]\" value=\"Ja, ich m\u00f6chte den Newsletter abonnieren\"  ><label class=\"wpforms-field-label-inline\" for=\"wpforms-5985-field_15_1\">Ja, ich m\u00f6chte den Newsletter abonnieren<\/label><\/li><\/ul><\/div><div id=\"wpforms-5985-field_16-container\" class=\"wpforms-field wpforms-field-checkbox\" data-field-id=\"16\"><label class=\"wpforms-field-label\">Einwilligung <span class=\"wpforms-required-label\">*<\/span><\/label><ul id=\"wpforms-5985-field_16\" class=\"wpforms-field-required\"><li class=\"choice-1 depth-1\"><input type=\"checkbox\" id=\"wpforms-5985-field_16_1\" name=\"wpforms[fields][16][]\" value=\"Ja, ich habe die Datenschutzerkl\u00e4rung zur Kenntnis genommen. Ich stimme zu, dass meine Angaben zur Beantwortung meiner Anmeldung elektronisch erhoben und gespeichert werden. Sie k\u00f6nnen Ihre Einwilligung jederzeit per E-Mail an info@aveto.ch widerrufen.\" required ><label class=\"wpforms-field-label-inline\" for=\"wpforms-5985-field_16_1\">Ja, ich habe die Datenschutzerkl\u00e4rung zur Kenntnis genommen. Ich stimme zu, dass meine Angaben zur Beantwortung meiner Anmeldung elektronisch erhoben und gespeichert werden. Sie k\u00f6nnen Ihre Einwilligung jederzeit per E-Mail an info@aveto.ch widerrufen.<\/label><\/li><\/ul><\/div><div id=\"wpforms-5985-field_25-container\" class=\"wpforms-field wpforms-field-content\" data-field-id=\"25\"><div id=\"wpforms-5985-field_25\" class=\"wpforms-field-large wpforms-field-row\"><h4>Terminbest\u00e4tigung<\/h4>\n<p>Wir senden die Terminbest\u00e4tigung mit dem Link zum Webinar nach der Anmeldung zu.<\/p>\n<div class=\"wpforms-field-content-display-frontend-clear\"><\/div><\/div><\/div><div id=\"wpforms-5985-field_21-container\" class=\"wpforms-field wpforms-field-layout\" data-field-id=\"21\"><div class=\"wpforms-field-layout-columns wpforms-field-layout-preset-50-50\"><div class=\"wpforms-layout-column wpforms-layout-column-50\" ><\/div><div class=\"wpforms-layout-column wpforms-layout-column-50\" ><\/div><\/div><\/div><\/div><!-- .wpforms-field-container --><div class=\"wpforms-submit-container\" ><input type=\"hidden\" name=\"wpforms[id]\" value=\"5985\"><input type=\"hidden\" name=\"page_title\" value=\"\"><input type=\"hidden\" name=\"page_url\" value=\"https:\/\/aveto.ch\/en\/wp-json\/wp\/v2\/pages\/5993\"><input type=\"hidden\" name=\"url_referer\" value=\"\"><button type=\"submit\" name=\"wpforms[submit]\" id=\"wpforms-submit-5985\" class=\"wpforms-submit\" data-alt-text=\"Senden\u2026\" data-submit-text=\"Anmelden\" aria-live=\"assertive\" value=\"wpforms-submit\">Anmelden<\/button><img loading=\"lazy\" decoding=\"async\" src=\"https:\/\/aveto.ch\/wp-content\/plugins\/wpforms\/assets\/images\/submit-spin.svg\" class=\"wpforms-submit-spinner\" style=\"display: none;\" width=\"26\" height=\"26\" alt=\"Loading\"><\/div><\/form><\/div>  <!-- .wpforms-container --><\/div>\n<\/div>\n","protected":false},"excerpt":{"rendered":"<p>Live Webinar mit Dr. Nell J. Ostermeier, DVM, CVA, FAAVA am 14.04.2026 um 19 Uhr &#8222;Die Kombination klassischer Akupunktur mit Photobiomodulation (Lasertherapie) er\u00f6ffnet neue M\u00f6glichkeiten, neurophysiologische und zellul\u00e4re Prozesse gezielt zu modulieren und therapeutische Effekte zu verst\u00e4rken.&#8220; Dieses Webinar beleuchtet die wissenschaftlichen Grundlagen beider Verfahren und zeigt, wie ihre synergistische Anwendung praxisnah umgesetzt werden kann [&hellip;]<\/p>\n","protected":false},"author":2,"featured_media":0,"parent":0,"menu_order":0,"comment_status":"closed","ping_status":"closed","template":"","meta":{"_seopress_robots_primary_cat":"","_seopress_titles_title":"","_seopress_titles_desc":"","_seopress_robots_index":"","_crdt_document":"","_uag_custom_page_level_css":"","footnotes":""},"class_list":["post-5993","page","type-page","status-publish","hentry"],"uagb_featured_image_src":{"full":false,"thumbnail":false,"medium":false,"medium_large":false,"large":false,"1536x1536":false,"2048x2048":false,"trp-custom-language-flag":false,"mailpoet_newsletter_max":false},"uagb_author_info":{"display_name":"Andrea Ziegler","author_link":"https:\/\/aveto.ch\/en\/author\/andrea\/"},"uagb_comment_info":0,"uagb_excerpt":"Live Webinar mit Dr. Nell J. Ostermeier, DVM, CVA, FAAVA am 14.04.2026 um 19 Uhr &#8222;Die Kombination klassischer Akupunktur mit Photobiomodulation (Lasertherapie) er\u00f6ffnet neue M\u00f6glichkeiten, neurophysiologische und zellul\u00e4re Prozesse gezielt zu modulieren und therapeutische Effekte zu verst\u00e4rken.&#8220; Dieses Webinar beleuchtet die wissenschaftlichen Grundlagen beider Verfahren und zeigt, wie ihre synergistische Anwendung praxisnah umgesetzt werden kann&hellip;","_links":{"self":[{"href":"https:\/\/aveto.ch\/en\/wp-json\/wp\/v2\/pages\/5993","targetHints":{"allow":["GET"]}}],"collection":[{"href":"https:\/\/aveto.ch\/en\/wp-json\/wp\/v2\/pages"}],"about":[{"href":"https:\/\/aveto.ch\/en\/wp-json\/wp\/v2\/types\/page"}],"author":[{"embeddable":true,"href":"https:\/\/aveto.ch\/en\/wp-json\/wp\/v2\/users\/2"}],"replies":[{"embeddable":true,"href":"https:\/\/aveto.ch\/en\/wp-json\/wp\/v2\/comments?post=5993"}],"version-history":[{"count":2,"href":"https:\/\/aveto.ch\/en\/wp-json\/wp\/v2\/pages\/5993\/revisions"}],"predecessor-version":[{"id":6046,"href":"https:\/\/aveto.ch\/en\/wp-json\/wp\/v2\/pages\/5993\/revisions\/6046"}],"wp:attachment":[{"href":"https:\/\/aveto.ch\/en\/wp-json\/wp\/v2\/media?parent=5993"}],"curies":[{"name":"wp","href":"https:\/\/api.w.org\/{rel}","templated":true}]}}