{"id":2943,"date":"2024-04-13T08:21:22","date_gmt":"2024-04-13T06:21:22","guid":{"rendered":"https:\/\/aveto.ch\/?page_id=2943"},"modified":"2025-04-16T19:44:29","modified_gmt":"2025-04-16T17:44:29","slug":"spectral-blue","status":"publish","type":"page","link":"https:\/\/aveto.ch\/en\/spectral-blue\/","title":{"rendered":"Spectral Blue"},"content":{"rendered":"<div style=\"height:20px\" aria-hidden=\"true\" class=\"wp-block-spacer\"><\/div>\n\n\n\n<div class=\"wp-block-group alignfull is-layout-constrained wp-block-group-is-layout-constrained\" style=\"margin-top:0px;margin-bottom:0px;padding-top:0px;padding-bottom:0px\">\n<div class=\"wp-block-group alignwide is-layout-flow wp-block-group-is-layout-flow\" style=\"margin-top:0px;margin-bottom:0px;padding-top:0px;padding-bottom:0px\">\n<h2 class=\"wp-block-heading has-text-align-left has-large-font-size\">Next-generation disinfection technology<\/h2>\n\n\n\n<p class=\"wp-block-paragraph\"><strong><strong>Touch-free, chemical-free and UV-free disinfection with visible blue light<\/strong><\/strong><\/p>\n\n\n\n<div class=\"wp-block-columns is-layout-flex wp-container-core-columns-is-layout-7387b849 wp-block-columns-is-layout-flex\">\n<div class=\"wp-block-column is-layout-flow wp-block-column-is-layout-flow\">\n<p class=\"wp-block-paragraph\">Breakthroughs in LED technology have enabled the creation of highly efficient disinfection devices utilizing antimicrobial blue light (aBL).<\/p>\n\n\n\n<p class=\"wp-block-paragraph\">Spectral Blue is a touch-free, UV and chemical-free blue light disinfection system for clinics, veterinary or veterinary physiotherapy practices, laboratories and other healthcare facilities.<\/p>\n\n\n\n<p class=\"wp-block-paragraph\">Desinfection with Spectral Blue\u2122 can be fully automated and logged without compromise.<\/p>\n<\/div>\n\n\n\n<div class=\"wp-block-column is-layout-flow wp-block-column-is-layout-flow\">\n<figure class=\"wp-block-image aligncenter size-full is-resized has-custom-border is-style-rounded\"><img loading=\"lazy\" decoding=\"async\" width=\"1920\" height=\"1080\" src=\"https:\/\/aveto.ch\/wp-content\/uploads\/spectral-blue.webp\" alt=\"spectral blue\" class=\"wp-image-2945\" style=\"border-style:none;border-width:0px;border-radius:47px;aspect-ratio:1;object-fit:cover;width:auto;height:340px\" srcset=\"https:\/\/aveto.ch\/wp-content\/uploads\/spectral-blue.webp 1920w, https:\/\/aveto.ch\/wp-content\/uploads\/spectral-blue-300x169.webp 300w, https:\/\/aveto.ch\/wp-content\/uploads\/spectral-blue-1024x576.webp 1024w, https:\/\/aveto.ch\/wp-content\/uploads\/spectral-blue-768x432.webp 768w, https:\/\/aveto.ch\/wp-content\/uploads\/spectral-blue-1536x864.webp 1536w, https:\/\/aveto.ch\/wp-content\/uploads\/spectral-blue-18x10.webp 18w, https:\/\/aveto.ch\/wp-content\/uploads\/spectral-blue-1320x743.webp 1320w\" sizes=\"auto, (max-width: 1920px) 100vw, 1920px\" \/><\/figure>\n<\/div>\n<\/div>\n<\/div>\n<\/div>\n\n\n\n<h2 class=\"wp-block-heading\">Spectral Blue &#8211; die Technologie<\/h2>\n\n\n\n<ul class=\"wp-block-list\">\n<li>Multi-Wavelength, High-Intensity (MWHI) blue light is a patented technology that combines two or more antimicrobial blue light wavelengths with high intensity: 405 nm + 430-470 nm.<\/li>\n\n\n\n<li>Much faster effect and more energy-efficient than old single-wavelength systems<\/li>\n\n\n\n<li>Spectral Blue activates several light-absorbing compounds simultaneously and does not promote the development of antimicrobial resistance.<\/li>\n\n\n\n<li>The UV-free, LED-based MWHI light eradicates all bacteria, yeasts, and molds while remaining entirely safe for people, animals and materials. It is designed for continuous room disinfection and is effective against <strong>biofilms <\/strong>and <strong>multi-resistant <\/strong>strains.<\/li>\n<\/ul>\n\n\n\n<div class=\"wp-block-media-text is-stacked-on-mobile is-vertically-aligned-center animated fadeInLeft slower delay-200ms has-raft-fg-alt-background-color has-background\" style=\"padding-bottom:0;grid-template-columns:36% auto\"><figure class=\"wp-block-media-text__media\"><a href=\"https:\/\/youtu.be\/kF4t1THLhOQ?si=ox3tftOi0ZP2reHt\"><img loading=\"lazy\" decoding=\"async\" width=\"1024\" height=\"576\" src=\"https:\/\/aveto.ch\/wp-content\/uploads\/how-spectral-blue-disinfects-air-and-surfaces-video-cover-image_b1270b6a-a0f5-40db-84c1-5bcc8ad975a8-1024x576.webp\" alt=\"how spectral blue disinfects air and surfaces video cover image b1270b6a a0f5 40db 84c1 5bcc8ad975a8\" class=\"wp-image-2963 size-full\" srcset=\"https:\/\/aveto.ch\/wp-content\/uploads\/how-spectral-blue-disinfects-air-and-surfaces-video-cover-image_b1270b6a-a0f5-40db-84c1-5bcc8ad975a8-1024x576.webp 1024w, https:\/\/aveto.ch\/wp-content\/uploads\/how-spectral-blue-disinfects-air-and-surfaces-video-cover-image_b1270b6a-a0f5-40db-84c1-5bcc8ad975a8-300x169.webp 300w, https:\/\/aveto.ch\/wp-content\/uploads\/how-spectral-blue-disinfects-air-and-surfaces-video-cover-image_b1270b6a-a0f5-40db-84c1-5bcc8ad975a8-768x432.webp 768w, https:\/\/aveto.ch\/wp-content\/uploads\/how-spectral-blue-disinfects-air-and-surfaces-video-cover-image_b1270b6a-a0f5-40db-84c1-5bcc8ad975a8-18x10.webp 18w, https:\/\/aveto.ch\/wp-content\/uploads\/how-spectral-blue-disinfects-air-and-surfaces-video-cover-image_b1270b6a-a0f5-40db-84c1-5bcc8ad975a8.webp 1100w\" sizes=\"auto, (max-width: 1024px) 100vw, 1024px\" \/><\/a><\/figure><div class=\"wp-block-media-text__content\">\n<p class=\"wp-block-paragraph\">Watch the <strong><a href=\"https:\/\/youtu.be\/kF4t1THLhOQ?si=ox3tftOi0ZP2reHtnsweise der MWHI-Technologie zu verstehen.\" target=\"_blank\" rel=\"noreferrer noopener nofollow\">Video <\/a><\/strong>to understand the workings of MWHI technology.<\/p>\n\n\n\n<a class=\"wp-block-wpzoom-video-popup-block-block wpzoom-video-popup-block has-raft-bg-color has-raft-accent-background-color has-text-color has-background has-link-color has-medium-font-size wp-elements-b8b1d0f62fd399e541281ed735b2a2c0\" href=\"https:\/\/www.youtube.com\/watch?v=kF4t1THLhOQ\" style=\"border-style:none;border-width:0px;border-radius:21px;padding-top:var(--wp--preset--spacing--20);padding-right:var(--wp--preset--spacing--30);padding-bottom:var(--wp--preset--spacing--20);padding-left:var(--wp--preset--spacing--30);font-style:normal;font-weight:700;line-height:1.5\" data-popup-width=\"900px\"><span class=\"wpzoom-video-popup-block_icon\"><svg xmlns=\"http:\/\/www.w3.org\/2000\/svg\" viewbox=\"0 0 32 32\" aria-hidden=\"true\"><path d=\"m16 0c-8.8367 0-16 7.1633-16 16 0 8.8367 7.1633 16 16 16s16-7.1633 16-16c0-8.8367-7.2449-16-16-16zm-4.0816 23.918v-15.837l11.878 7.8571z\" fill=\"currentColor\"><\/path><\/svg><\/span>Play video<\/a>\n<\/div><\/div>\n\n\n\n<h2 class=\"wp-block-heading\">Security<\/h2>\n\n\n\n<p class=\"wp-block-paragraph\">Spectral Blue is 100% safe for people, animals and materials and the most sustainable disinfection method MWHI blue light inactivates microbes indirectly by activating light-absorbing compounds found inside microbial cells. Human cells do not contain these compounds and blue light does not harm human cells or DNA. Therefore there is no risk to the health of employees or patients.<\/p>\n\n\n\n<h2 class=\"wp-block-heading\">Advantages of blue light disinfection when handling animals:<\/h2>\n\n\n\n<div class=\"wp-block-columns is-layout-flex wp-container-core-columns-is-layout-7387b849 wp-block-columns-is-layout-flex\">\n<div class=\"wp-block-column is-layout-flow wp-block-column-is-layout-flow\">\n<figure class=\"wp-block-image size-full\"><img loading=\"lazy\" decoding=\"async\" width=\"700\" height=\"525\" src=\"https:\/\/aveto.ch\/wp-content\/uploads\/surgery-veterica_leikkaussali_mobile_web-1.jpg\" alt=\"surgery veterica leikkaussali mobile web 1\" class=\"wp-image-5109\" srcset=\"https:\/\/aveto.ch\/wp-content\/uploads\/surgery-veterica_leikkaussali_mobile_web-1.jpg 700w, https:\/\/aveto.ch\/wp-content\/uploads\/surgery-veterica_leikkaussali_mobile_web-1-300x225.jpg 300w, https:\/\/aveto.ch\/wp-content\/uploads\/surgery-veterica_leikkaussali_mobile_web-1-16x12.jpg 16w\" sizes=\"auto, (max-width: 700px) 100vw, 700px\" \/><\/figure>\n<\/div>\n\n\n\n<div class=\"wp-block-column is-layout-flow wp-block-column-is-layout-flow\">\n<ol class=\"wp-block-list\">\n<li><strong>Non-hazardous:<\/strong> Strong disinfectants and UV light pose a health risk to humans and animals. Blue light is odorless, tasteless, non-toxic and 100% safe for humans and animals. It does not attack materials such as sensitive plastics.<\/li>\n\n\n\n<li><strong>Automatic and maintenance-free:<\/strong>The disinfection system works automatically and is maintenance-free for up to 10 years. A simple push of a button, mobility sensors or a timer start the disinfection process so that staff can concentrate on other tasks.<\/li>\n<\/ol>\n<\/div>\n<\/div>\n\n\n\n<div class=\"wp-block-columns is-layout-flex wp-container-core-columns-is-layout-7387b849 wp-block-columns-is-layout-flex\">\n<div class=\"wp-block-column is-layout-flow wp-block-column-is-layout-flow\">\n<figure class=\"wp-block-image size-full\"><img loading=\"lazy\" decoding=\"async\" width=\"700\" height=\"510\" src=\"https:\/\/aveto.ch\/wp-content\/uploads\/sovet3_web-2.png\" alt=\"Spectral Blue in treatment room\" class=\"wp-image-3822\" srcset=\"https:\/\/aveto.ch\/wp-content\/uploads\/sovet3_web-2.png 700w, https:\/\/aveto.ch\/wp-content\/uploads\/sovet3_web-2-300x219.png 300w, https:\/\/aveto.ch\/wp-content\/uploads\/sovet3_web-2-16x12.png 16w\" sizes=\"auto, (max-width: 700px) 100vw, 700px\" \/><\/figure>\n<\/div>\n\n\n\n<div class=\"wp-block-column is-layout-flow wp-block-column-is-layout-flow\">\n<ol start=\"3\" class=\"wp-block-list\">\n<li><strong>Sensitivity to odors:<\/strong>Animals are sensitive to strong odors and can lick surfaces, making chemical disinfection methods problematic.<\/li>\n\n\n\n<li><strong>Chemical-free:<\/strong> For organic dirt, you can use a normal cleaning agent instead of chemical disinfectants, as the disinfection process no longer relies on harsh chemicals.<\/li>\n\n\n\n<li><strong>Development of resistance<\/strong>: Formation of resistance: According to the current state of science, there is no formation of resistance after treatment with blue light.<\/li>\n<\/ol>\n<\/div>\n<\/div>\n\n\n\n<div class=\"wp-block-columns is-layout-flex wp-container-core-columns-is-layout-7387b849 wp-block-columns-is-layout-flex\">\n<div class=\"wp-block-column is-layout-flow wp-block-column-is-layout-flow\">\n<figure class=\"wp-block-image size-large\"><img loading=\"lazy\" decoding=\"async\" width=\"1024\" height=\"683\" src=\"https:\/\/aveto.ch\/wp-content\/uploads\/dsc_4447-1024x683.webp\" alt=\"dsc 4447\" class=\"wp-image-2982\" srcset=\"https:\/\/aveto.ch\/wp-content\/uploads\/dsc_4447-1024x683.webp 1024w, https:\/\/aveto.ch\/wp-content\/uploads\/dsc_4447-300x200.webp 300w, https:\/\/aveto.ch\/wp-content\/uploads\/dsc_4447-768x512.webp 768w, https:\/\/aveto.ch\/wp-content\/uploads\/dsc_4447-1536x1025.webp 1536w, https:\/\/aveto.ch\/wp-content\/uploads\/dsc_4447-2048x1366.webp 2048w, https:\/\/aveto.ch\/wp-content\/uploads\/dsc_4447-18x12.webp 18w, https:\/\/aveto.ch\/wp-content\/uploads\/dsc_4447-1320x880.webp 1320w\" sizes=\"auto, (max-width: 1024px) 100vw, 1024px\" \/><\/figure>\n<\/div>\n\n\n\n<div class=\"wp-block-column is-layout-flow wp-block-column-is-layout-flow\">\n<ol start=\"6\" class=\"wp-block-list\">\n<li><strong>Easy to use:<\/strong> Recovery rooms and boxes are often difficult to disinfect. Spectral Blue is well suited to shadow areas thanks to the high reflection of blue light.<\/li>\n\n\n\n<li><strong>100% sustainable and durable<\/strong>: The visibility of the blue wavelengths means that functionality can be recognized at a glance. The devices have an average service life of 50,000 hours.<\/li>\n<\/ol>\n<\/div>\n<\/div>\n\n\n\n<div class=\"wp-block-media-text alignwide is-stacked-on-mobile has-raft-fg-alt-background-color has-background\" style=\"padding-bottom:0;grid-template-columns:37% auto\"><figure class=\"wp-block-media-text__media\"><img loading=\"lazy\" decoding=\"async\" width=\"1024\" height=\"830\" src=\"https:\/\/aveto.ch\/wp-content\/uploads\/berlininlaboratory-1024x830.webp\" alt=\"berlininlaboratory\" class=\"wp-image-2988 size-large\" srcset=\"https:\/\/aveto.ch\/wp-content\/uploads\/berlininlaboratory-1024x830.webp 1024w, https:\/\/aveto.ch\/wp-content\/uploads\/berlininlaboratory-300x243.webp 300w, https:\/\/aveto.ch\/wp-content\/uploads\/berlininlaboratory-768x622.webp 768w, https:\/\/aveto.ch\/wp-content\/uploads\/berlininlaboratory-15x12.webp 15w, https:\/\/aveto.ch\/wp-content\/uploads\/berlininlaboratory-1320x1069.webp 1320w, https:\/\/aveto.ch\/wp-content\/uploads\/berlininlaboratory.webp 1333w\" sizes=\"auto, (max-width: 1024px) 100vw, 1024px\" \/><\/figure><div class=\"wp-block-media-text__content\">\n<h3 class=\"wp-block-heading\">Fixed installation or plug &amp; play<\/h3>\n\n\n\n<p class=\"wp-block-paragraph\"><strong>Plug &amp; play disinfection devices for every application<\/strong><\/p>\n\n\n\n<p class=\"wp-block-paragraph\">In addition to permanently installed light systems, the mobile devices can be integrated quickly and easily for any kind of application.<\/p>\n\n\n\n<p class=\"wp-block-paragraph\">They can be installed on ceilings or walls or simply moved to the desired location using built-in wheels. <\/p>\n<\/div><\/div>\n\n\n\n<p class=\"wp-block-paragraph\">The photobiological eye safety of Spectral Blue devices has been tested according to IEC 62471:2006, IEC TR 62778:2014 (Blue Light Hazard test). Spectral Blue devices are classified as RG1 (Low risk group, RG1 unlimited): They cause no risk to employees\u2019 or patient eyes in normal use and no safety measures or safety labels are required. However, as with any LED light source, the bright devices must not be looked at directly from a distance of less than 30cms.<\/p>\n\n\n\n<div class=\"wp-block-buttons is-content-justification-center is-layout-flex wp-container-core-buttons-is-layout-3e41869c wp-block-buttons-is-layout-flex\">\n<div class=\"wp-block-button\"><a class=\"wp-block-button__link wp-element-button\" href=\"https:\/\/aveto.ch\/en\/kontakt\/\" target=\"_blank\" rel=\"noreferrer noopener\">Contact us for a non-binding presentation appointment!<\/a><\/div>\n<\/div>\n\n\n\n<div class=\"wp-block-media-text alignwide is-stacked-on-mobile has-raft-fg-alt-background-color has-background\" style=\"grid-template-columns:45% auto\"><figure class=\"wp-block-media-text__media\"><img loading=\"lazy\" decoding=\"async\" width=\"1024\" height=\"608\" src=\"https:\/\/aveto.ch\/wp-content\/uploads\/donghoon_copy-1-1024x608.webp\" alt=\"donghoon copy 1\" class=\"wp-image-2990 size-full\" srcset=\"https:\/\/aveto.ch\/wp-content\/uploads\/donghoon_copy-1-1024x608.webp 1024w, https:\/\/aveto.ch\/wp-content\/uploads\/donghoon_copy-1-300x178.webp 300w, https:\/\/aveto.ch\/wp-content\/uploads\/donghoon_copy-1-768x456.webp 768w, https:\/\/aveto.ch\/wp-content\/uploads\/donghoon_copy-1-1536x912.webp 1536w, https:\/\/aveto.ch\/wp-content\/uploads\/donghoon_copy-1-2048x1217.webp 2048w, https:\/\/aveto.ch\/wp-content\/uploads\/donghoon_copy-1-18x12.webp 18w, https:\/\/aveto.ch\/wp-content\/uploads\/donghoon_copy-1-1320x784.webp 1320w\" sizes=\"auto, (max-width: 1024px) 100vw, 1024px\" \/><\/figure><div class=\"wp-block-media-text__content\">\n<h3 class=\"wp-block-heading\">Development and manufacturing<\/h3>\n\n\n\n<h5 class=\"wp-block-heading\">Spectral Blue by LED Tailor\u00ae<\/h5>\n\n\n\n<p class=\"wp-block-paragraph\">The MWHI technology <a href=\"https:\/\/spectral.blue\/\" target=\"_blank\" rel=\"noreferrer noopener\">Spectral Blue <\/a>has been <a href=\"https:\/\/spectral.blue\/\" target=\"_blank\" rel=\"noreferrer noopener\">LED Tailor<\/a> developed and patented by LED Tailor and is exclusively used in Spectral Blue\u2122 devices.<\/p>\n\n\n\n<p class=\"wp-block-paragraph\"><a href=\"https:\/\/spectral.blue\/\" target=\"_blank\" rel=\"noreferrer noopener\">LED Tailor<\/a> is a Finnish life science company specializing in the development and production of chemical-free disinfection solutions based on visible blue light.<\/p>\n\n\n\n<p class=\"wp-block-paragraph\">All products are developed in Finland. <\/p>\n\n\n\n<div style=\"height:20px\" aria-hidden=\"true\" class=\"wp-block-spacer\"><\/div>\n<\/div><\/div>\n\n\n\n<div style=\"height:60px\" aria-hidden=\"true\" class=\"wp-block-spacer\"><\/div>\n\n\n\n<div class=\"wp-block-group alignfull has-raft-accent-background-color has-background is-layout-constrained wp-block-group-is-layout-constrained\" style=\"margin-top:0px;margin-bottom:-64px;padding-top:80px;padding-bottom:80px\">\n<h3 class=\"wp-block-heading has-raft-fg-alt-color has-text-color has-link-color wp-elements-61789ca6dae17ba70437601681369c77\">News &amp; Events<\/h3>\n\n\n\n<aside class=\"wp-block-query produktnews is-layout-flow wp-block-query-is-layout-flow\"><ul class=\"columns-3 alignleft wp-block-post-template is-layout-grid wp-container-core-post-template-is-layout-733d2e90 wp-block-post-template-is-layout-grid\"><li class=\"wp-block-post post-3171 post type-post status-publish format-standard has-post-thumbnail hentry category-event category-ht-vista category-multi-radiance category-news category-spectral-blue category-well-vu\">\n\n<div class=\"wp-block-group is-vertical is-content-justification-stretch is-layout-flex wp-container-core-group-is-layout-f43b8e9b wp-block-group-is-layout-flex\" style=\"padding-top:0;padding-right:0;padding-bottom:var(--wp--preset--spacing--30);padding-left:0\"><figure style=\"aspect-ratio:4\/3;\" class=\"wp-block-post-featured-image\"><a href=\"https:\/\/aveto.ch\/en\/schweizerische-tieraerztetage-2024\/\" target=\"_self\"  ><img loading=\"lazy\" decoding=\"async\" width=\"1054\" height=\"664\" src=\"https:\/\/aveto.ch\/wp-content\/uploads\/stt-2026-bernexpo-web.png\" class=\"attachment-post-thumbnail size-post-thumbnail wp-post-image\" alt=\"Schweizerische Tier\u00e4rztetage\" style=\"width:100%;height:100%;object-fit:cover;\" srcset=\"https:\/\/aveto.ch\/wp-content\/uploads\/stt-2026-bernexpo-web.png 1054w, https:\/\/aveto.ch\/wp-content\/uploads\/stt-2026-bernexpo-web-300x189.png 300w, https:\/\/aveto.ch\/wp-content\/uploads\/stt-2026-bernexpo-web-1024x645.png 1024w, https:\/\/aveto.ch\/wp-content\/uploads\/stt-2026-bernexpo-web-768x484.png 768w, https:\/\/aveto.ch\/wp-content\/uploads\/stt-2026-bernexpo-web-18x12.png 18w\" sizes=\"auto, (max-width: 1054px) 100vw, 1054px\" \/><\/a><\/figure>\n\n<div class=\"has-link-color wp-elements-28251abcda87666c6780903106fb7602 wp-block-post-date has-text-color has-raft-bg-color\"><time datetime=\"2026-04-13T16:25:16+02:00\">2026\/04\/13 at<\/time><\/div>\n\n<h5 style=\"font-size:clamp(14px, 0.875rem + ((1vw - 3.2px) * 0.938), 20px);\" class=\"has-link-color wp-elements-60b9a69f0e65cb559ddd5bc4330a91d1 wp-block-post-title has-text-color has-raft-accent-color has-comfortaa-font-family\"><a href=\"https:\/\/aveto.ch\/en\/schweizerische-tieraerztetage-2024\/\" target=\"_self\" >Swiss Veterinary Days<\/a><\/h5><\/div>\n\n<\/li><li class=\"wp-block-post post-4708 post type-post status-publish format-standard has-post-thumbnail hentry category-event category-news category-spectral-blue category-spectral-blue-webinar tag-blue-light tag-desinfection tag-spectral-blue\">\n\n<div class=\"wp-block-group is-vertical is-content-justification-stretch is-layout-flex wp-container-core-group-is-layout-f43b8e9b wp-block-group-is-layout-flex\" style=\"padding-top:0;padding-right:0;padding-bottom:var(--wp--preset--spacing--30);padding-left:0\"><figure style=\"aspect-ratio:4\/3;\" class=\"wp-block-post-featured-image\"><a href=\"https:\/\/aveto.ch\/en\/spectral-blue-webinar-clinics\/\" target=\"_self\"  ><img loading=\"lazy\" decoding=\"async\" width=\"2560\" height=\"1708\" src=\"https:\/\/aveto.ch\/wp-content\/uploads\/dsc_4447-scaled.webp\" class=\"attachment-post-thumbnail size-post-thumbnail wp-post-image\" alt=\"Spectral Blue &#8211; Automatische und kontinuierliche Desinfektion in Ihrer Klinik oder Praxis mit Kundenbeispielen\" style=\"width:100%;height:100%;object-fit:cover;\" srcset=\"https:\/\/aveto.ch\/wp-content\/uploads\/dsc_4447-scaled.webp 2560w, https:\/\/aveto.ch\/wp-content\/uploads\/dsc_4447-300x200.webp 300w, https:\/\/aveto.ch\/wp-content\/uploads\/dsc_4447-1024x683.webp 1024w, https:\/\/aveto.ch\/wp-content\/uploads\/dsc_4447-768x512.webp 768w, https:\/\/aveto.ch\/wp-content\/uploads\/dsc_4447-1536x1025.webp 1536w, https:\/\/aveto.ch\/wp-content\/uploads\/dsc_4447-2048x1366.webp 2048w, https:\/\/aveto.ch\/wp-content\/uploads\/dsc_4447-18x12.webp 18w, https:\/\/aveto.ch\/wp-content\/uploads\/dsc_4447-1320x880.webp 1320w\" sizes=\"auto, (max-width: 2560px) 100vw, 2560px\" \/><\/a><\/figure>\n\n<div class=\"has-link-color wp-elements-28251abcda87666c6780903106fb7602 wp-block-post-date has-text-color has-raft-bg-color\"><time datetime=\"2024-11-22T10:31:42+01:00\">2024\/11\/22 at<\/time><\/div>\n\n<h5 style=\"font-size:clamp(14px, 0.875rem + ((1vw - 3.2px) * 0.938), 20px);\" class=\"has-link-color wp-elements-60b9a69f0e65cb559ddd5bc4330a91d1 wp-block-post-title has-text-color has-raft-accent-color has-comfortaa-font-family\"><a href=\"https:\/\/aveto.ch\/en\/spectral-blue-webinar-clinics\/\" target=\"_self\" >Spectral Blue - Automatic and continuous disinfection in your clinic or practice with customer examples<\/a><\/h5><\/div>\n\n<\/li><li class=\"wp-block-post post-3812 post type-post status-publish format-standard has-post-thumbnail hentry category-event category-news category-spectral-blue category-spectral-blue-webinar tag-blue-light tag-desinfection tag-spectral-blue\">\n\n<div class=\"wp-block-group is-vertical is-content-justification-stretch is-layout-flex wp-container-core-group-is-layout-f43b8e9b wp-block-group-is-layout-flex\" style=\"padding-top:0;padding-right:0;padding-bottom:var(--wp--preset--spacing--30);padding-left:0\"><figure style=\"aspect-ratio:4\/3;\" class=\"wp-block-post-featured-image\"><a href=\"https:\/\/aveto.ch\/en\/spectral-blue-webinar-1\/\" target=\"_self\"  ><img loading=\"lazy\" decoding=\"async\" width=\"700\" height=\"510\" src=\"https:\/\/aveto.ch\/wp-content\/uploads\/sovet3_web-2.png\" class=\"attachment-post-thumbnail size-post-thumbnail wp-post-image\" alt=\"Spectral Blue &#8211; Automatische und kontinuierliche Desinfektion mit Multi-Wavelength High-Intensity (MWHI) Blaulicht\" style=\"width:100%;height:100%;object-fit:cover;\" srcset=\"https:\/\/aveto.ch\/wp-content\/uploads\/sovet3_web-2.png 700w, https:\/\/aveto.ch\/wp-content\/uploads\/sovet3_web-2-300x219.png 300w, https:\/\/aveto.ch\/wp-content\/uploads\/sovet3_web-2-16x12.png 16w\" sizes=\"auto, (max-width: 700px) 100vw, 700px\" \/><\/a><\/figure>\n\n<div class=\"has-link-color wp-elements-28251abcda87666c6780903106fb7602 wp-block-post-date has-text-color has-raft-bg-color\"><time datetime=\"2024-09-01T09:46:00+02:00\">2024\/09\/01 at<\/time><\/div>\n\n<h5 style=\"font-size:clamp(14px, 0.875rem + ((1vw - 3.2px) * 0.938), 20px);\" class=\"has-link-color wp-elements-60b9a69f0e65cb559ddd5bc4330a91d1 wp-block-post-title has-text-color has-raft-accent-color has-comfortaa-font-family\"><a href=\"https:\/\/aveto.ch\/en\/spectral-blue-webinar-1\/\" target=\"_self\" >Spectral Blue - Automatic and continuous disinfection with multi-wavelength high-intensity (MWHI) blue light<\/a><\/h5><\/div>\n\n<\/li><\/ul><\/aside>\n<\/div>","protected":false},"excerpt":{"rendered":"<p>Desinfektionstechnologie der n\u00e4chsten Generation Ber\u00fchrungsfreie, chemikalienfreie und UV-Strahlen freie Desinfektion mit sichtbarem blauem Licht Durchbr\u00fcche in der LED-Technologie haben die Entwicklung hocheffizienter Desinfektionsger\u00e4te erm\u00f6glicht, die antimikrobielles Blaulicht (aBL) verwenden. Spectral Blue\u2122 ist ein ber\u00fchrungsfreies, UV- und chemikalienfreies Blaulicht-Desinfektionssystem f\u00fcr Kliniken, Tierarzt- oder Tierphysiopraxen, Labore und sonstige Gesundheitseinrichtungen. Die Desinfektion mit Spectral Blue\u2122 kann vollst\u00e4ndig automatisch [&hellip;]<\/p>\n","protected":false},"author":2,"featured_media":0,"parent":0,"menu_order":0,"comment_status":"closed","ping_status":"closed","template":"","meta":{"_seopress_robots_primary_cat":"","_seopress_titles_title":"","_seopress_titles_desc":"","_seopress_robots_index":"","_crdt_document":"","_uag_custom_page_level_css":"","footnotes":""},"class_list":["post-2943","page","type-page","status-publish","hentry"],"uagb_featured_image_src":{"full":false,"thumbnail":false,"medium":false,"medium_large":false,"large":false,"1536x1536":false,"2048x2048":false,"trp-custom-language-flag":false,"mailpoet_newsletter_max":false},"uagb_author_info":{"display_name":"Andrea Ziegler","author_link":"https:\/\/aveto.ch\/en\/author\/andrea\/"},"uagb_comment_info":0,"uagb_excerpt":"Desinfektionstechnologie der n\u00e4chsten Generation Ber\u00fchrungsfreie, chemikalienfreie und UV-Strahlen freie Desinfektion mit sichtbarem blauem Licht Durchbr\u00fcche in der LED-Technologie haben die Entwicklung hocheffizienter Desinfektionsger\u00e4te erm\u00f6glicht, die antimikrobielles Blaulicht (aBL) verwenden. Spectral Blue\u2122 ist ein ber\u00fchrungsfreies, UV- und chemikalienfreies Blaulicht-Desinfektionssystem f\u00fcr Kliniken, Tierarzt- oder Tierphysiopraxen, Labore und sonstige Gesundheitseinrichtungen. Die Desinfektion mit Spectral Blue\u2122 kann vollst\u00e4ndig automatisch&hellip;","_links":{"self":[{"href":"https:\/\/aveto.ch\/en\/wp-json\/wp\/v2\/pages\/2943","targetHints":{"allow":["GET"]}}],"collection":[{"href":"https:\/\/aveto.ch\/en\/wp-json\/wp\/v2\/pages"}],"about":[{"href":"https:\/\/aveto.ch\/en\/wp-json\/wp\/v2\/types\/page"}],"author":[{"embeddable":true,"href":"https:\/\/aveto.ch\/en\/wp-json\/wp\/v2\/users\/2"}],"replies":[{"embeddable":true,"href":"https:\/\/aveto.ch\/en\/wp-json\/wp\/v2\/comments?post=2943"}],"version-history":[{"count":77,"href":"https:\/\/aveto.ch\/en\/wp-json\/wp\/v2\/pages\/2943\/revisions"}],"predecessor-version":[{"id":5145,"href":"https:\/\/aveto.ch\/en\/wp-json\/wp\/v2\/pages\/2943\/revisions\/5145"}],"wp:attachment":[{"href":"https:\/\/aveto.ch\/en\/wp-json\/wp\/v2\/media?parent=2943"}],"curies":[{"name":"wp","href":"https:\/\/api.w.org\/{rel}","templated":true}]}}