{"id":2887,"date":"2024-04-13T08:21:37","date_gmt":"2024-04-13T06:21:37","guid":{"rendered":"https:\/\/aveto.ch\/?page_id=2887"},"modified":"2024-08-28T15:43:52","modified_gmt":"2024-08-28T13:43:52","slug":"wellvu","status":"publish","type":"page","link":"https:\/\/aveto.ch\/en\/wellvu\/","title":{"rendered":"WellVu"},"content":{"rendered":"<div style=\"height:20px\" aria-hidden=\"true\" class=\"wp-block-spacer\"><\/div>\n\n\n\n<div class=\"wp-block-group alignfull is-layout-constrained wp-block-group-is-layout-constrained\" style=\"margin-top:0px;margin-bottom:0px;padding-top:0px;padding-bottom:0px\">\n<div class=\"wp-block-group alignwide is-layout-flow wp-block-group-is-layout-flow\" style=\"margin-top:0px;margin-bottom:0px;padding-top:0px;padding-bottom:0px\">\n<h2 class=\"wp-block-heading has-text-align-left has-large-font-size\">WellVu Thermal cameras - a physiological picture of your patient<\/h2>\n\n\n\n<p class=\"wp-block-paragraph\"><strong><strong>Making the invisible visible with thermal imaging technology<\/strong><\/strong><\/p>\n\n\n\n<div class=\"wp-block-columns is-layout-flex wp-container-core-columns-is-layout-7387b849 wp-block-columns-is-layout-flex\">\n<div class=\"wp-block-column is-layout-flow wp-block-column-is-layout-flow\">\n<p class=\"wp-block-paragraph\">WellVu Thermal Cameras allow you to take a picture of your patient\u2019s physiological health in real-time, what is happening right at that moment.  All other imaging that we do in practice, radiographic,  ultrasound, MRI, and CT studies, tell us what has already happened. <\/p>\n\n\n\n<p class=\"wp-block-paragraph\">Thermal energy is constantly being emitted from our patients.  The amount of energy is dependent on the anatomical location, the vascular supply to that area, and its neurological state.<\/p>\n<\/div>\n\n\n\n<div class=\"wp-block-column is-layout-flow wp-block-column-is-layout-flow\">\n<figure class=\"wp-block-image aligncenter size-full is-resized has-custom-border is-style-rounded\"><img loading=\"lazy\" decoding=\"async\" width=\"1466\" height=\"1671\" src=\"https:\/\/aveto.ch\/wp-content\/uploads\/dog_therm1.webp\" alt=\"dog therm1\" class=\"wp-image-2916\" style=\"border-style:none;border-width:0px;border-radius:47px;width:auto;height:350px\" srcset=\"https:\/\/aveto.ch\/wp-content\/uploads\/dog_therm1.webp 1466w, https:\/\/aveto.ch\/wp-content\/uploads\/dog_therm1-263x300.webp 263w, https:\/\/aveto.ch\/wp-content\/uploads\/dog_therm1-898x1024.webp 898w, https:\/\/aveto.ch\/wp-content\/uploads\/dog_therm1-768x875.webp 768w, https:\/\/aveto.ch\/wp-content\/uploads\/dog_therm1-1348x1536.webp 1348w, https:\/\/aveto.ch\/wp-content\/uploads\/dog_therm1-11x12.webp 11w, https:\/\/aveto.ch\/wp-content\/uploads\/dog_therm1-1320x1505.webp 1320w\" sizes=\"auto, (max-width: 1466px) 100vw, 1466px\" \/><\/figure>\n<\/div>\n<\/div>\n<\/div>\n<\/div>\n\n\n\n<p class=\"wp-block-paragraph\">Nature is symmetrical; look at a leaf or snowflake. When our patients were younger, they were more thermally symmetrical when considering contralateral anatomical areas. As time marches on, our patients become thermally asymmetrical due to injury, disease, and aging.  Identifying these areas of thermal asymmetry is an indication that there is an issue that deserves further investigation and, potentially, diagnostics.<\/p>\n\n\n\n<p class=\"wp-block-paragraph\">WellVu thermal imaging system's high resolution and sensitivity allows you to instantly visualize the physiological state of your patient. Medically calibrated veterinary-specific software compiles this radiated temperature data, converts it to an electrical impulse, and finally produces a detailed image: a thermogram. This thermogram is an easy-to-interpret illustration of the physiological state of the patient. The patient is its own control so any thermal asymmetry should warrant further investigation.<\/p>\n\n\n\n<div class=\"wp-block-media-text is-stacked-on-mobile is-vertically-aligned-center animated fadeInLeft slower has-raft-fg-alt-background-color has-background\" style=\"padding-bottom:0;grid-template-columns:40% auto\"><figure class=\"wp-block-media-text__media\"><img loading=\"lazy\" decoding=\"async\" width=\"500\" height=\"500\" src=\"https:\/\/aveto.ch\/wp-content\/uploads\/ir_640_demo.webp\" alt=\"ir 640 demo\" class=\"wp-image-2907 size-full\" srcset=\"https:\/\/aveto.ch\/wp-content\/uploads\/ir_640_demo.webp 500w, https:\/\/aveto.ch\/wp-content\/uploads\/ir_640_demo-300x300.webp 300w, https:\/\/aveto.ch\/wp-content\/uploads\/ir_640_demo-150x150.webp 150w, https:\/\/aveto.ch\/wp-content\/uploads\/ir_640_demo-12x12.webp 12w\" sizes=\"auto, (max-width: 500px) 100vw, 500px\" \/><\/figure><div class=\"wp-block-media-text__content\">\n<h5 class=\"wp-block-heading\">How can thermal imaging technology be used?<\/h5>\n\n\n\n<ul class=\"wp-block-list\">\n<li>Wellness screenings<\/li>\n\n\n\n<li>Qualitative assessment of treatment progress in the patient's therapy<\/li>\n\n\n\n<li>Injury prevention through early detection, whether for dogs or horses in sport<\/li>\n\n\n\n<li>Geriatric quality of life assessments<\/li>\n\n\n\n<li>Lamess examinations<\/li>\n\n\n\n<li>Support communication with customers by visualizing potential problems<\/li>\n<\/ul>\n<\/div><\/div>\n\n\n\n<div class=\"wp-block-media-text is-stacked-on-mobile is-vertically-aligned-center has-raft-fg-alt-background-color has-background\" style=\"padding-bottom:0;grid-template-columns:56% auto\"><figure class=\"wp-block-media-text__media\"><video controls src=\"https:\/\/aveto.ch\/wp-content\/uploads\/wellvu-supporting-multi-radiance-laser-therapy.mp4\"><\/video><\/figure><div class=\"wp-block-media-text__content\">\n<h5 class=\"wp-block-heading\">Thermal imaging camera to support successful laser therapy<\/h5>\n\n\n\n<ul class=\"wp-block-list\">\n<li>Targeted treatment<\/li>\n\n\n\n<li>Correct dosage<\/li>\n\n\n\n<li>Monitoring success by comparing the temperature differences before and after treatment<\/li>\n<\/ul>\n<\/div><\/div>\n\n\n\n<div class=\"wp-block-media-text has-media-on-the-right is-stacked-on-mobile is-vertically-aligned-center animated fadeInLeft slower has-raft-fg-alt-background-color has-background\" style=\"padding-bottom:0;grid-template-columns:auto 40%\"><div class=\"wp-block-media-text__content\">\n<h5 class=\"wp-block-heading\">Benefits of thermal imaging:<\/h5>\n\n\n\n<ul class=\"wp-block-list\">\n<li>Identifies anatomical areas that would benefit from further evaluation<\/li>\n\n\n\n<li>Provides early detection of disorders, including visualization of any primary and compensatory areas of concern<\/li>\n\n\n\n<li>Visually reinforces your findings to the client<\/li>\n\n\n\n<li>Objectively monitors any therapeutic plan<\/li>\n\n\n\n<li>Provides the best client education tool, which increases compliance with the suggested regime of treatments.<\/li>\n<\/ul>\n<\/div><figure class=\"wp-block-media-text__media\"><img loading=\"lazy\" decoding=\"async\" width=\"1024\" height=\"724\" src=\"https:\/\/aveto.ch\/wp-content\/uploads\/pup_therm1-1024x724.webp\" alt=\"pup therm1\" class=\"wp-image-2911 size-full\" srcset=\"https:\/\/aveto.ch\/wp-content\/uploads\/pup_therm1-1024x724.webp 1024w, https:\/\/aveto.ch\/wp-content\/uploads\/pup_therm1-300x212.webp 300w, https:\/\/aveto.ch\/wp-content\/uploads\/pup_therm1-768x543.webp 768w, https:\/\/aveto.ch\/wp-content\/uploads\/pup_therm1-1536x1086.webp 1536w, https:\/\/aveto.ch\/wp-content\/uploads\/pup_therm1-2048x1448.webp 2048w, https:\/\/aveto.ch\/wp-content\/uploads\/pup_therm1-18x12.webp 18w, https:\/\/aveto.ch\/wp-content\/uploads\/pup_therm1-1320x933.webp 1320w\" sizes=\"auto, (max-width: 1024px) 100vw, 1024px\" \/><\/figure><\/div>\n\n\n\n<div class=\"wp-block-media-text alignwide is-stacked-on-mobile has-raft-fg-alt-background-color has-background\" style=\"padding-bottom:0;grid-template-columns:37% auto\"><figure class=\"wp-block-media-text__media\"><img loading=\"lazy\" decoding=\"async\" width=\"500\" height=\"500\" src=\"https:\/\/aveto.ch\/wp-content\/uploads\/ir_640_results.webp\" alt=\"ir 640 results\" class=\"wp-image-2939 size-large\" srcset=\"https:\/\/aveto.ch\/wp-content\/uploads\/ir_640_results.webp 500w, https:\/\/aveto.ch\/wp-content\/uploads\/ir_640_results-300x300.webp 300w, https:\/\/aveto.ch\/wp-content\/uploads\/ir_640_results-150x150.webp 150w, https:\/\/aveto.ch\/wp-content\/uploads\/ir_640_results-12x12.webp 12w\" sizes=\"auto, (max-width: 500px) 100vw, 500px\" \/><\/figure><div class=\"wp-block-media-text__content\">\n<h3 class=\"wp-block-heading\">How to interpret images<\/h3>\n\n\n\n<p class=\"wp-block-paragraph\"><strong>Interpretation is intuitive as you visualize areas of thermal asymmetry.<\/strong><\/p>\n\n\n\n<p class=\"wp-block-paragraph\">The dermis is a great communication device. It tells us loud and clear what is occuring beneath it. This thermal energy is measured to .02\u00b0C and the veterinary specific software converts these measurements into a high resolution visual image of the patient.<\/p>\n\n\n\n<p class=\"wp-block-paragraph\">A comparison of the patient\u2019s contralateral anatomical areas is made to identify areas of thermal asymmetry. Differences in temperature greater than 1\u00b0 C are significant (Soroko, 2017; Purohit and McCoy, 1980; Palmer, 1981).<\/p>\n<\/div><\/div>\n\n\n\n<div class=\"wp-block-media-text alignwide has-media-on-the-right is-stacked-on-mobile has-raft-fg-alt-background-color has-background\" style=\"padding-bottom:0;grid-template-columns:auto 37%\"><div class=\"wp-block-media-text__content\">\n<h3 class=\"wp-block-heading\">WellVu 640<\/h3>\n\n\n\n<p class=\"wp-block-paragraph\">The WellVu 640 utilizes a 640 x 512 high-resolution detector to capture high-quality thermal images. The WellVu 640 measures 327,680 temperature points with a sensitivity of &lt; .02\u00b0 C and an accuracy of +\/- 1\u00b0 C. It has one of the highest resolutions of all medical or veterinary IR devices available on the market. <\/p>\n\n\n\n<p class=\"wp-block-paragraph\">The thermal sensitivity of this equipment is 50 to 75 times more sensitive to heat and 15 to 25 times more sensitive to cold than we can achieve with palpation.<\/p>\n\n\n\n<p class=\"wp-block-paragraph\">The software is medically calibrated and veterinary-specific to ensure the best quality thermal images regardless of the animal's hair coat. The WellVu 640\u2019s rugged design and cordless operation make it perfect for use in hospitals, clinics, or stables.<\/p>\n<\/div><figure class=\"wp-block-media-text__media\"><img loading=\"lazy\" decoding=\"async\" width=\"500\" height=\"500\" src=\"https:\/\/aveto.ch\/wp-content\/uploads\/ir_640.webp\" alt=\"ir 640\" class=\"wp-image-2932 size-large\" srcset=\"https:\/\/aveto.ch\/wp-content\/uploads\/ir_640.webp 500w, https:\/\/aveto.ch\/wp-content\/uploads\/ir_640-300x300.webp 300w, https:\/\/aveto.ch\/wp-content\/uploads\/ir_640-150x150.webp 150w, https:\/\/aveto.ch\/wp-content\/uploads\/ir_640-12x12.webp 12w\" sizes=\"auto, (max-width: 500px) 100vw, 500px\" \/><\/figure><\/div>\n\n\n\n<div style=\"height:20px\" aria-hidden=\"true\" class=\"wp-block-spacer\"><\/div>\n\n\n\n<div style=\"height:20px\" aria-hidden=\"true\" class=\"wp-block-spacer\"><\/div>\n\n\n\n<div style=\"height:20px\" aria-hidden=\"true\" class=\"wp-block-spacer\"><\/div>\n\n\n\n<div class=\"wp-block-buttons is-content-justification-center is-layout-flex wp-container-core-buttons-is-layout-3e41869c wp-block-buttons-is-layout-flex\">\n<div class=\"wp-block-button\"><a class=\"wp-block-button__link wp-element-button\" href=\"https:\/\/aveto.ch\/en\/kontakt\/\" target=\"_blank\" rel=\"noreferrer noopener\">Contact us for a non-binding presentation appointment!<\/a><\/div>\n<\/div>\n\n\n\n<div style=\"height:40px\" aria-hidden=\"true\" class=\"wp-block-spacer\"><\/div>\n\n\n\n<div class=\"wp-block-media-text alignwide is-stacked-on-mobile has-raft-fg-alt-background-color has-background\" style=\"grid-template-columns:45% auto\"><figure class=\"wp-block-media-text__media\"><img loading=\"lazy\" decoding=\"async\" width=\"1200\" height=\"781\" src=\"https:\/\/aveto.ch\/wp-content\/uploads\/tablet-with-horse.webp\" alt=\"tablet with horse\" class=\"wp-image-2924 size-full\" srcset=\"https:\/\/aveto.ch\/wp-content\/uploads\/tablet-with-horse.webp 1200w, https:\/\/aveto.ch\/wp-content\/uploads\/tablet-with-horse-300x195.webp 300w, https:\/\/aveto.ch\/wp-content\/uploads\/tablet-with-horse-1024x666.webp 1024w, https:\/\/aveto.ch\/wp-content\/uploads\/tablet-with-horse-768x500.webp 768w, https:\/\/aveto.ch\/wp-content\/uploads\/tablet-with-horse-18x12.webp 18w\" sizes=\"auto, (max-width: 1200px) 100vw, 1200px\" \/><\/figure><div class=\"wp-block-media-text__content\">\n<h3 class=\"wp-block-heading\">Development and manufacturing<\/h3>\n\n\n\n<p class=\"wp-block-paragraph\">The thermal cameras of WellVu are developed and manufactured according to medical technology guidelines and ISO standards and are FDA cleared.&nbsp;<\/p>\n\n\n\n<p class=\"wp-block-paragraph\">The WellVu cameras are <a href=\"https:\/\/p12medical.ch\/\" target=\"_blank\" rel=\"noreferrer noopener\">P12 Medical <\/a>imported into Switzerland, inspected and trained. The cameras comply with all Swiss and EU regulatory requirements.<\/p>\n\n\n\n<p class=\"wp-block-paragraph\">On the web page of <a href=\"https:\/\/wellvuimaging.com\/veterinary-products-cameras\" target=\"_blank\" rel=\"noreferrer noopener\"> WellVu<\/a> you will find the latest studies and product information.<\/p>\n\n\n\n<div style=\"height:20px\" aria-hidden=\"true\" class=\"wp-block-spacer\"><\/div>\n<\/div><\/div>\n\n\n\n<div style=\"height:60px\" aria-hidden=\"true\" class=\"wp-block-spacer\"><\/div>\n\n\n\n<div class=\"wp-block-group alignfull has-raft-accent-background-color has-background is-layout-constrained wp-block-group-is-layout-constrained\" style=\"margin-top:0px;margin-bottom:-64px;padding-top:80px;padding-bottom:80px\">\n<h3 class=\"wp-block-heading has-raft-fg-alt-color has-text-color has-link-color wp-elements-61789ca6dae17ba70437601681369c77\">News &amp; Events<\/h3>\n\n\n\n<aside class=\"wp-block-query produktnews is-layout-flow wp-block-query-is-layout-flow\"><ul class=\"columns-3 alignleft wp-block-post-template is-layout-grid wp-container-core-post-template-is-layout-733d2e90 wp-block-post-template-is-layout-grid\"><li class=\"wp-block-post post-3339 post type-post status-publish format-standard has-post-thumbnail hentry category-event category-ht-vista category-multi-radiance category-news category-well-vu tag-ht-vista tag-multi-radiance tag-wellvu\">\n\n<div class=\"wp-block-group is-vertical is-content-justification-stretch is-layout-flex wp-container-core-group-is-layout-f43b8e9b wp-block-group-is-layout-flex\" style=\"padding-top:0;padding-right:0;padding-bottom:var(--wp--preset--spacing--30);padding-left:0\"><figure style=\"aspect-ratio:4\/3;\" class=\"wp-block-post-featured-image\"><a href=\"https:\/\/aveto.ch\/en\/svtpt-2024\/\" target=\"_self\"  ><img loading=\"lazy\" decoding=\"async\" width=\"752\" height=\"425\" src=\"https:\/\/aveto.ch\/wp-content\/uploads\/svtpt-hybrid-kongress-header_pferd.jpg\" class=\"attachment-post-thumbnail size-post-thumbnail wp-post-image\" alt=\"SVTPT &#8211; Hybrid-Kongress\" style=\"width:100%;height:100%;object-fit:cover;\" srcset=\"https:\/\/aveto.ch\/wp-content\/uploads\/svtpt-hybrid-kongress-header_pferd.jpg 752w, https:\/\/aveto.ch\/wp-content\/uploads\/svtpt-hybrid-kongress-header_pferd-300x170.jpg 300w, https:\/\/aveto.ch\/wp-content\/uploads\/svtpt-hybrid-kongress-header_pferd-18x10.jpg 18w\" sizes=\"auto, (max-width: 752px) 100vw, 752px\" \/><\/a><\/figure>\n\n<div class=\"has-link-color wp-elements-28251abcda87666c6780903106fb7602 wp-block-post-date has-text-color has-raft-bg-color\"><time datetime=\"2026-04-13T16:52:14+02:00\">2026\/04\/13 at<\/time><\/div>\n\n<h5 style=\"font-size:clamp(14px, 0.875rem + ((1vw - 3.2px) * 0.938), 20px);\" class=\"has-link-color wp-elements-60b9a69f0e65cb559ddd5bc4330a91d1 wp-block-post-title has-text-color has-raft-accent-color has-comfortaa-font-family\"><a href=\"https:\/\/aveto.ch\/en\/svtpt-2024\/\" target=\"_self\" >SVTPT \u2013 hybrid Congress<\/a><\/h5><\/div>\n\n<\/li><li class=\"wp-block-post post-3171 post type-post status-publish format-standard has-post-thumbnail hentry category-event category-ht-vista category-multi-radiance category-news category-spectral-blue category-well-vu\">\n\n<div class=\"wp-block-group is-vertical is-content-justification-stretch is-layout-flex wp-container-core-group-is-layout-f43b8e9b wp-block-group-is-layout-flex\" style=\"padding-top:0;padding-right:0;padding-bottom:var(--wp--preset--spacing--30);padding-left:0\"><figure style=\"aspect-ratio:4\/3;\" class=\"wp-block-post-featured-image\"><a href=\"https:\/\/aveto.ch\/en\/schweizerische-tieraerztetage-2024\/\" target=\"_self\"  ><img loading=\"lazy\" decoding=\"async\" width=\"1054\" height=\"664\" src=\"https:\/\/aveto.ch\/wp-content\/uploads\/stt-2026-bernexpo-web.png\" class=\"attachment-post-thumbnail size-post-thumbnail wp-post-image\" alt=\"Schweizerische Tier\u00e4rztetage\" style=\"width:100%;height:100%;object-fit:cover;\" srcset=\"https:\/\/aveto.ch\/wp-content\/uploads\/stt-2026-bernexpo-web.png 1054w, https:\/\/aveto.ch\/wp-content\/uploads\/stt-2026-bernexpo-web-300x189.png 300w, https:\/\/aveto.ch\/wp-content\/uploads\/stt-2026-bernexpo-web-1024x645.png 1024w, https:\/\/aveto.ch\/wp-content\/uploads\/stt-2026-bernexpo-web-768x484.png 768w, https:\/\/aveto.ch\/wp-content\/uploads\/stt-2026-bernexpo-web-18x12.png 18w\" sizes=\"auto, (max-width: 1054px) 100vw, 1054px\" \/><\/a><\/figure>\n\n<div class=\"has-link-color wp-elements-28251abcda87666c6780903106fb7602 wp-block-post-date has-text-color has-raft-bg-color\"><time datetime=\"2026-04-13T16:25:16+02:00\">2026\/04\/13 at<\/time><\/div>\n\n<h5 style=\"font-size:clamp(14px, 0.875rem + ((1vw - 3.2px) * 0.938), 20px);\" class=\"has-link-color wp-elements-60b9a69f0e65cb559ddd5bc4330a91d1 wp-block-post-title has-text-color has-raft-accent-color has-comfortaa-font-family\"><a href=\"https:\/\/aveto.ch\/en\/schweizerische-tieraerztetage-2024\/\" target=\"_self\" >Swiss Veterinary Days<\/a><\/h5><\/div>\n\n<\/li><li class=\"wp-block-post post-3599 post type-post status-publish format-standard has-post-thumbnail hentry category-event category-news category-well-vu category-well-vu-webinar tag-laser-therapy tag-multi-radiance tag-webinar\">\n\n<div class=\"wp-block-group is-vertical is-content-justification-stretch is-layout-flex wp-container-core-group-is-layout-f43b8e9b wp-block-group-is-layout-flex\" style=\"padding-top:0;padding-right:0;padding-bottom:var(--wp--preset--spacing--30);padding-left:0\"><figure style=\"aspect-ratio:4\/3;\" class=\"wp-block-post-featured-image\"><a href=\"https:\/\/aveto.ch\/en\/well-vu-webinar-1\/\" target=\"_self\"  ><img loading=\"lazy\" decoding=\"async\" width=\"1542\" height=\"1232\" src=\"https:\/\/aveto.ch\/wp-content\/uploads\/well-vu-webinar-web.webp\" class=\"attachment-post-thumbnail size-post-thumbnail wp-post-image\" alt=\"Webinar &#8211; Neue Einsatzm\u00f6glichkeiten f\u00fcr die W\u00e4rmebildgebung in der Veterin\u00e4rmedizin\" style=\"width:100%;height:100%;object-fit:cover;\" srcset=\"https:\/\/aveto.ch\/wp-content\/uploads\/well-vu-webinar-web.webp 1542w, https:\/\/aveto.ch\/wp-content\/uploads\/well-vu-webinar-web-300x240.webp 300w, https:\/\/aveto.ch\/wp-content\/uploads\/well-vu-webinar-web-1024x818.webp 1024w, https:\/\/aveto.ch\/wp-content\/uploads\/well-vu-webinar-web-768x614.webp 768w, https:\/\/aveto.ch\/wp-content\/uploads\/well-vu-webinar-web-1536x1227.webp 1536w, https:\/\/aveto.ch\/wp-content\/uploads\/well-vu-webinar-web-15x12.webp 15w, https:\/\/aveto.ch\/wp-content\/uploads\/well-vu-webinar-web-1320x1055.webp 1320w\" sizes=\"auto, (max-width: 1542px) 100vw, 1542px\" \/><\/a><\/figure>\n\n<div class=\"has-link-color wp-elements-28251abcda87666c6780903106fb7602 wp-block-post-date has-text-color has-raft-bg-color\"><time datetime=\"2024-08-06T10:36:09+02:00\">2024\/08\/06 at<\/time><\/div>\n\n<h5 style=\"font-size:clamp(14px, 0.875rem + ((1vw - 3.2px) * 0.938), 20px);\" class=\"has-link-color wp-elements-60b9a69f0e65cb559ddd5bc4330a91d1 wp-block-post-title has-text-color has-raft-accent-color has-comfortaa-font-family\"><a href=\"https:\/\/aveto.ch\/en\/well-vu-webinar-1\/\" target=\"_self\" >Webinar - New Research Expands Thermal Imaging Applications in Veterinary Medicine<\/a><\/h5><\/div>\n\n<\/li><\/ul><\/aside>\n<\/div>","protected":false},"excerpt":{"rendered":"<p>WellVu W\u00e4rmebildkameras &#8211; ein physiologisches Bild unserer Patienten Mit der W\u00e4rmebildtechnik das Unsichtbare sichtbar machen Die WellVu-W\u00e4rmebildkameras geben uns ein Bild von der physiologischen Gesundheit unserer Patienten in Echtzeit, also von dem, was in diesem Moment geschieht. Alle anderen bildgebenden Verfahren, die wir in der Praxis einsetzen, wie R\u00f6ntgen-, Ultraschall-, MRT- und CT-Untersuchungen, sagen uns, [&hellip;]<\/p>\n","protected":false},"author":2,"featured_media":0,"parent":0,"menu_order":0,"comment_status":"closed","ping_status":"closed","template":"","meta":{"_seopress_robots_primary_cat":"","_seopress_titles_title":"","_seopress_titles_desc":"","_seopress_robots_index":"","_crdt_document":"","_uag_custom_page_level_css":"","footnotes":""},"class_list":["post-2887","page","type-page","status-publish","hentry"],"uagb_featured_image_src":{"full":false,"thumbnail":false,"medium":false,"medium_large":false,"large":false,"1536x1536":false,"2048x2048":false,"trp-custom-language-flag":false,"mailpoet_newsletter_max":false},"uagb_author_info":{"display_name":"Andrea Ziegler","author_link":"https:\/\/aveto.ch\/en\/author\/andrea\/"},"uagb_comment_info":0,"uagb_excerpt":"WellVu W\u00e4rmebildkameras &#8211; ein physiologisches Bild unserer Patienten Mit der W\u00e4rmebildtechnik das Unsichtbare sichtbar machen Die WellVu-W\u00e4rmebildkameras geben uns ein Bild von der physiologischen Gesundheit unserer Patienten in Echtzeit, also von dem, was in diesem Moment geschieht. Alle anderen bildgebenden Verfahren, die wir in der Praxis einsetzen, wie R\u00f6ntgen-, Ultraschall-, MRT- und CT-Untersuchungen, sagen uns,&hellip;","_links":{"self":[{"href":"https:\/\/aveto.ch\/en\/wp-json\/wp\/v2\/pages\/2887","targetHints":{"allow":["GET"]}}],"collection":[{"href":"https:\/\/aveto.ch\/en\/wp-json\/wp\/v2\/pages"}],"about":[{"href":"https:\/\/aveto.ch\/en\/wp-json\/wp\/v2\/types\/page"}],"author":[{"embeddable":true,"href":"https:\/\/aveto.ch\/en\/wp-json\/wp\/v2\/users\/2"}],"replies":[{"embeddable":true,"href":"https:\/\/aveto.ch\/en\/wp-json\/wp\/v2\/comments?post=2887"}],"version-history":[{"count":51,"href":"https:\/\/aveto.ch\/en\/wp-json\/wp\/v2\/pages\/2887\/revisions"}],"predecessor-version":[{"id":3704,"href":"https:\/\/aveto.ch\/en\/wp-json\/wp\/v2\/pages\/2887\/revisions\/3704"}],"wp:attachment":[{"href":"https:\/\/aveto.ch\/en\/wp-json\/wp\/v2\/media?parent=2887"}],"curies":[{"name":"wp","href":"https:\/\/api.w.org\/{rel}","templated":true}]}}